{"id":9846,"date":"2023-02-08T19:22:55","date_gmt":"2023-02-08T17:22:55","guid":{"rendered":"https:\/\/tropical-hotel.be\/valentijnsmenu\/"},"modified":"2026-01-22T14:01:31","modified_gmt":"2026-01-22T12:01:31","slug":"valentijnsmenu","status":"publish","type":"page","link":"https:\/\/tropical-hotel.be\/nl\/valentijnsmenu\/","title":{"rendered":"Valentijnsmenu"},"content":{"rendered":"\t\t<div data-elementor-type=\"wp-page\" data-elementor-id=\"9846\" class=\"elementor elementor-9846 elementor-9817\" data-elementor-post-type=\"page\">\n\t\t\t\t\t\t<section class=\"elementor-section elementor-top-section elementor-element elementor-element-4a50f46 elementor-section-full_width elementor-section-stretched elementor-section-height-default elementor-section-height-default\" data-id=\"4a50f46\" data-element_type=\"section\" data-settings=\"{&quot;stretch_section&quot;:&quot;section-stretched&quot;}\">\n\t\t\t\t\t\t<div class=\"elementor-container elementor-column-gap-default\">\n\t\t\t\t\t<div class=\"elementor-column elementor-col-100 elementor-top-column elementor-element elementor-element-610e591\" data-id=\"610e591\" data-element_type=\"column\">\n\t\t\t<div class=\"elementor-widget-wrap elementor-element-populated\">\n\t\t\t\t\t\t<div class=\"elementor-element elementor-element-3f89d82 elementor-widget elementor-widget-text-editor\" data-id=\"3f89d82\" data-element_type=\"widget\" data-widget_type=\"text-editor.default\">\n\t\t\t\t<div class=\"elementor-widget-container\">\n\t\t\t\t\t\t\t\t\t<p>Ontdek het menu dat onze Chef Alexandre speciaal voor Valentijnsdag heeft samengesteld in ons Restaurant Kokejane.<\/p>\t\t\t\t\t\t\t\t<\/div>\n\t\t\t\t<\/div>\n\t\t\t\t\t<\/div>\n\t\t<\/div>\n\t\t\t\t\t<\/div>\n\t\t<\/section>\n\t\t\t\t<section class=\"elementor-section elementor-top-section elementor-element elementor-element-94a0da1 elementor-section-boxed elementor-section-height-default elementor-section-height-default\" data-id=\"94a0da1\" data-element_type=\"section\">\n\t\t\t\t\t\t<div class=\"elementor-container elementor-column-gap-default\">\n\t\t\t\t\t<div class=\"elementor-column elementor-col-100 elementor-top-column elementor-element elementor-element-e90cf5b\" data-id=\"e90cf5b\" data-element_type=\"column\">\n\t\t\t<div class=\"elementor-widget-wrap elementor-element-populated\">\n\t\t\t\t\t\t<div class=\"elementor-element elementor-element-ad6427a elementor-widget elementor-widget-heading\" data-id=\"ad6427a\" data-element_type=\"widget\" data-widget_type=\"heading.default\">\n\t\t\t\t<div class=\"elementor-widget-container\">\n\t\t\t\t\t<h2 class=\"elementor-heading-title elementor-size-default\">Sint-Valentijnsmenu : 72\u20ac<\/h2>\t\t\t\t<\/div>\n\t\t\t\t<\/div>\n\t\t\t\t<div class=\"elementor-element elementor-element-e36a554 elementor-widget-divider--view-line elementor-widget elementor-widget-divider\" data-id=\"e36a554\" data-element_type=\"widget\" data-widget_type=\"divider.default\">\n\t\t\t\t<div class=\"elementor-widget-container\">\n\t\t\t\t\t\t\t<div class=\"elementor-divider\">\n\t\t\t<span class=\"elementor-divider-separator\">\n\t\t\t\t\t\t<\/span>\n\t\t<\/div>\n\t\t\t\t\t\t<\/div>\n\t\t\t\t<\/div>\n\t\t\t\t<div class=\"elementor-element elementor-element-61049f2 elementor-widget elementor-widget-heading\" data-id=\"61049f2\" data-element_type=\"widget\" data-widget_type=\"heading.default\">\n\t\t\t\t<div class=\"elementor-widget-container\">\n\t\t\t\t\t<h4 class=\"elementor-heading-title elementor-size-default\">Red label Schotse zalm, Extra mild huisgerookt,\nCr\u00e8me van mierikswortel\n\n<\/br><\/br>* * *<\/br><\/br>Kreeft half met champagne, liefde in koraal\n<\/br><\/br>* * *<\/br><\/br>Consomm\u00e9 van scharrelkip met osci\u00e8tre kaviaar, dubbele room\n<\/br><\/br>* * *<\/br><\/br>Iers runderlendehart met ucceletto, champignonragout\n<\/br><\/br>* * *<\/br><\/br>Gourmet salade van tropisch fruit en sorbet<\/br><\/br>* * *<\/br><\/br><\/h4>\t\t\t\t<\/div>\n\t\t\t\t<\/div>\n\t\t\t\t\t<\/div>\n\t\t<\/div>\n\t\t\t\t\t<\/div>\n\t\t<\/section>\n\t\t\t\t<section class=\"elementor-section elementor-top-section elementor-element elementor-element-407d88c elementor-section-full_width elementor-section-height-default elementor-section-height-default\" data-id=\"407d88c\" data-element_type=\"section\">\n\t\t\t\t\t\t<div class=\"elementor-container elementor-column-gap-default\">\n\t\t\t\t\t<div class=\"elementor-column elementor-col-100 elementor-top-column elementor-element elementor-element-2ad045a\" data-id=\"2ad045a\" data-element_type=\"column\">\n\t\t\t<div class=\"elementor-widget-wrap elementor-element-populated\">\n\t\t\t\t\t\t<div class=\"elementor-element elementor-element-c179ad3 elementor-widget elementor-widget-image\" data-id=\"c179ad3\" data-element_type=\"widget\" data-widget_type=\"image.default\">\n\t\t\t\t<div class=\"elementor-widget-container\">\n\t\t\t\t\t\t\t\t\t\t\t\t\t\t\t<img fetchpriority=\"high\" decoding=\"async\" width=\"750\" height=\"330\" src=\"https:\/\/tropical-hotel.be\/wp-content\/uploads\/2023\/02\/Design-sans-titre-28-750x330.jpg\" class=\"attachment-post-slider-side size-post-slider-side wp-image-9819\" alt=\"Valentijnsmenu\" title=\"\">\t\t\t\t\t\t\t\t\t\t\t\t\t\t\t<\/div>\n\t\t\t\t<\/div>\n\t\t\t\t\t<\/div>\n\t\t<\/div>\n\t\t\t\t\t<\/div>\n\t\t<\/section>\n\t\t\t\t<section class=\"elementor-section elementor-top-section elementor-element elementor-element-9f9389f elementor-section-boxed elementor-section-height-default elementor-section-height-default\" data-id=\"9f9389f\" data-element_type=\"section\">\n\t\t\t\t\t\t<div class=\"elementor-container elementor-column-gap-default\">\n\t\t\t\t\t<div class=\"elementor-column elementor-col-100 elementor-top-column elementor-element elementor-element-5c85f47\" data-id=\"5c85f47\" data-element_type=\"column\">\n\t\t\t<div class=\"elementor-widget-wrap elementor-element-populated\">\n\t\t\t\t\t\t<div class=\"elementor-element elementor-element-bd8e9d7 elementor-widget-divider--view-line elementor-widget elementor-widget-divider\" data-id=\"bd8e9d7\" data-element_type=\"widget\" data-widget_type=\"divider.default\">\n\t\t\t\t<div class=\"elementor-widget-container\">\n\t\t\t\t\t\t\t<div class=\"elementor-divider\">\n\t\t\t<span class=\"elementor-divider-separator\">\n\t\t\t\t\t\t<\/span>\n\t\t<\/div>\n\t\t\t\t\t\t<\/div>\n\t\t\t\t<\/div>\n\t\t\t\t<div class=\"elementor-element elementor-element-58e08b3 elementor-widget elementor-widget-heading\" data-id=\"58e08b3\" data-element_type=\"widget\" data-widget_type=\"heading.default\">\n\t\t\t\t<div class=\"elementor-widget-container\">\n\t\t\t\t\t<h2 class=\"elementor-heading-title elementor-size-default\">Restaurant Kokejane in Durbuy<\/h2>\t\t\t\t<\/div>\n\t\t\t\t<\/div>\n\t\t\t\t\t<\/div>\n\t\t<\/div>\n\t\t\t\t\t<\/div>\n\t\t<\/section>\n\t\t\t\t<section class=\"elementor-section elementor-top-section elementor-element elementor-element-cb81940 elementor-section-full_width elementor-section-stretched elementor-section-height-default elementor-section-height-default\" data-id=\"cb81940\" data-element_type=\"section\" data-settings=\"{&quot;stretch_section&quot;:&quot;section-stretched&quot;}\">\n\t\t\t\t\t\t<div class=\"elementor-container elementor-column-gap-default\">\n\t\t\t\t\t<div class=\"elementor-column elementor-col-33 elementor-top-column elementor-element elementor-element-60a9250\" data-id=\"60a9250\" data-element_type=\"column\">\n\t\t\t<div class=\"elementor-widget-wrap elementor-element-populated\">\n\t\t\t\t\t\t<div class=\"elementor-element elementor-element-c27646d elementor-widget elementor-widget-image\" data-id=\"c27646d\" data-element_type=\"widget\" data-widget_type=\"image.default\">\n\t\t\t\t<div class=\"elementor-widget-container\">\n\t\t\t\t\t\t\t\t\t\t\t\t\t\t\t<img decoding=\"async\" src=\"http:\/\/tropical-hotel.be\/wp-content\/uploads\/2019\/08\/1526762_737462103035067_1443971437944627204_n.jpg\" title=\"\" alt=\"Booking\" loading=\"lazy\">\t\t\t\t\t\t\t\t\t\t\t\t\t\t\t<\/div>\n\t\t\t\t<\/div>\n\t\t\t\t\t<\/div>\n\t\t<\/div>\n\t\t\t\t<div class=\"elementor-column elementor-col-66 elementor-top-column elementor-element elementor-element-c777c2c\" data-id=\"c777c2c\" data-element_type=\"column\">\n\t\t\t<div class=\"elementor-widget-wrap elementor-element-populated\">\n\t\t\t\t\t\t<div class=\"elementor-element elementor-element-6ac3c6d elementor-widget elementor-widget-text-editor\" data-id=\"6ac3c6d\" data-element_type=\"widget\" data-widget_type=\"text-editor.default\">\n\t\t\t\t<div class=\"elementor-widget-container\">\n\t\t\t\t\t\t\t\t\t<p>Ons restaurant Kokejane met zicht op de tropische tuin biedt u een fijne Franse gastronomische keuken aangepast aan de seizoenen en het marktaanbod.<\/p><p>U kan genieten van diverse zalige en verfijnde gerechten. Bekijk snel onze <a href=\"https:\/\/tropical-hotel.be\/restaurant-durbuy\/nos-menus-7.html\">menu<\/a>\u2019s.<\/p><p>Wij blijven graag tot uw dienst voor een vrijblijvende offerte voor de organisatie van banketten, seminaries, communies,\u2026<\/p><p>Het restaurant biedt plaats aan ongeveer 120 personen.<\/p>\t\t\t\t\t\t\t\t<\/div>\n\t\t\t\t<\/div>\n\t\t\t\t\t<\/div>\n\t\t<\/div>\n\t\t\t\t\t<\/div>\n\t\t<\/section>\n\t\t\t\t<section class=\"elementor-section elementor-top-section elementor-element elementor-element-7c4fd05 elementor-section-full_width elementor-section-stretched elementor-section-height-default elementor-section-height-default\" data-id=\"7c4fd05\" data-element_type=\"section\" data-settings=\"{&quot;stretch_section&quot;:&quot;section-stretched&quot;}\">\n\t\t\t\t\t\t<div class=\"elementor-container elementor-column-gap-default\">\n\t\t\t\t\t<div class=\"elementor-column elementor-col-25 elementor-top-column elementor-element elementor-element-b7dcafe\" data-id=\"b7dcafe\" data-element_type=\"column\">\n\t\t\t<div class=\"elementor-widget-wrap elementor-element-populated\">\n\t\t\t\t\t\t<div class=\"elementor-element elementor-element-e0357a5 elementor-widget elementor-widget-image\" data-id=\"e0357a5\" data-element_type=\"widget\" data-widget_type=\"image.default\">\n\t\t\t\t<div class=\"elementor-widget-container\">\n\t\t\t\t\t\t\t\t\t\t\t\t\t\t\t<img decoding=\"async\" width=\"750\" height=\"330\" src=\"https:\/\/tropical-hotel.be\/wp-content\/uploads\/2022\/08\/\u00a9Anne-Ginetti-2357-750x330.jpg\" class=\"attachment-post-thumbnail-size size-post-thumbnail-size wp-image-8178\" alt=\"Booking\" title=\"\">\t\t\t\t\t\t\t\t\t\t\t\t\t\t\t<\/div>\n\t\t\t\t<\/div>\n\t\t\t\t\t<\/div>\n\t\t<\/div>\n\t\t\t\t<div class=\"elementor-column elementor-col-25 elementor-top-column elementor-element elementor-element-0f889cb\" data-id=\"0f889cb\" data-element_type=\"column\">\n\t\t\t<div class=\"elementor-widget-wrap elementor-element-populated\">\n\t\t\t\t\t\t<div class=\"elementor-element elementor-element-8a6c8ec elementor-widget elementor-widget-image\" data-id=\"8a6c8ec\" data-element_type=\"widget\" data-widget_type=\"image.default\">\n\t\t\t\t<div class=\"elementor-widget-container\">\n\t\t\t\t\t\t\t\t\t\t\t\t\t\t\t<img decoding=\"async\" width=\"750\" height=\"330\" src=\"https:\/\/tropical-hotel.be\/wp-content\/uploads\/2022\/08\/\u00a9Anne-Ginetti-2341-750x330.jpg\" class=\"attachment-post-thumbnail-size size-post-thumbnail-size wp-image-8013\" alt=\"Booking\" title=\"\">\t\t\t\t\t\t\t\t\t\t\t\t\t\t\t<\/div>\n\t\t\t\t<\/div>\n\t\t\t\t\t<\/div>\n\t\t<\/div>\n\t\t\t\t<div class=\"elementor-column elementor-col-25 elementor-top-column elementor-element elementor-element-ddd9d6b\" data-id=\"ddd9d6b\" data-element_type=\"column\">\n\t\t\t<div class=\"elementor-widget-wrap elementor-element-populated\">\n\t\t\t\t\t\t<div class=\"elementor-element elementor-element-c03f352 elementor-widget elementor-widget-image\" data-id=\"c03f352\" data-element_type=\"widget\" data-widget_type=\"image.default\">\n\t\t\t\t<div class=\"elementor-widget-container\">\n\t\t\t\t\t\t\t\t\t\t\t\t\t\t\t<img loading=\"lazy\" decoding=\"async\" width=\"750\" height=\"330\" src=\"https:\/\/tropical-hotel.be\/wp-content\/uploads\/2022\/08\/\u00a9Anne-Ginetti-2379-750x330.jpg\" class=\"attachment-post-thumbnail-size size-post-thumbnail-size wp-image-7958\" alt=\"Booking\" title=\"\">\t\t\t\t\t\t\t\t\t\t\t\t\t\t\t<\/div>\n\t\t\t\t<\/div>\n\t\t\t\t\t<\/div>\n\t\t<\/div>\n\t\t\t\t<div class=\"elementor-column elementor-col-25 elementor-top-column elementor-element elementor-element-3295dc5\" data-id=\"3295dc5\" data-element_type=\"column\">\n\t\t\t<div class=\"elementor-widget-wrap elementor-element-populated\">\n\t\t\t\t\t\t<div class=\"elementor-element elementor-element-fd43d61 elementor-widget elementor-widget-image\" data-id=\"fd43d61\" data-element_type=\"widget\" data-widget_type=\"image.default\">\n\t\t\t\t<div class=\"elementor-widget-container\">\n\t\t\t\t\t\t\t\t\t\t\t\t\t\t\t<img loading=\"lazy\" decoding=\"async\" width=\"750\" height=\"330\" src=\"https:\/\/tropical-hotel.be\/wp-content\/uploads\/2019\/08\/\u00a9Anne-Ginetti-2458-1-750x330.jpg\" class=\"attachment-post-thumbnail-size size-post-thumbnail-size wp-image-8378\" alt=\"Familiekamer - Tropical Hotel\" title=\"\">\t\t\t\t\t\t\t\t\t\t\t\t\t\t\t<\/div>\n\t\t\t\t<\/div>\n\t\t\t\t\t<\/div>\n\t\t<\/div>\n\t\t\t\t\t<\/div>\n\t\t<\/section>\n\t\t\t\t<\/div>\n\t\t","protected":false},"excerpt":{"rendered":"<p>Ontdek het menu dat onze Chef Alexandre speciaal voor Valentijnsdag heeft samengesteld in ons Restaurant Kokejane. Sint-Valentijnsmenu : 72\u20ac Red label Schotse zalm, Extra mild huisgerookt, Cr\u00e8me van mierikswortel * * *Kreeft half met champagne, liefde in koraal * * *Consomm\u00e9 van scharrelkip met osci\u00e8tre kaviaar, dubbele room * * *Iers runderlendehart met ucceletto, champignonragout&#8230; <\/p>\n<div class=\"clear\"><\/div>\n<p><a href=\"https:\/\/tropical-hotel.be\/nl\/valentijnsmenu\/\" class=\"excerpt-read-more\">Continue Reading<i class=\"fa fa-long-arrow-right icon-long-arrow-right\"><\/i><\/a><\/p>\n","protected":false},"author":1,"featured_media":9819,"parent":0,"menu_order":0,"comment_status":"closed","ping_status":"closed","template":"","meta":{"footnotes":""},"class_list":["post-9846","page","type-page","status-publish","has-post-thumbnail","hentry"],"_links":{"self":[{"href":"https:\/\/tropical-hotel.be\/nl\/wp-json\/wp\/v2\/pages\/9846","targetHints":{"allow":["GET"]}}],"collection":[{"href":"https:\/\/tropical-hotel.be\/nl\/wp-json\/wp\/v2\/pages"}],"about":[{"href":"https:\/\/tropical-hotel.be\/nl\/wp-json\/wp\/v2\/types\/page"}],"author":[{"embeddable":true,"href":"https:\/\/tropical-hotel.be\/nl\/wp-json\/wp\/v2\/users\/1"}],"replies":[{"embeddable":true,"href":"https:\/\/tropical-hotel.be\/nl\/wp-json\/wp\/v2\/comments?post=9846"}],"version-history":[{"count":5,"href":"https:\/\/tropical-hotel.be\/nl\/wp-json\/wp\/v2\/pages\/9846\/revisions"}],"predecessor-version":[{"id":17880,"href":"https:\/\/tropical-hotel.be\/nl\/wp-json\/wp\/v2\/pages\/9846\/revisions\/17880"}],"wp:featuredmedia":[{"embeddable":true,"href":"https:\/\/tropical-hotel.be\/nl\/wp-json\/wp\/v2\/media\/9819"}],"wp:attachment":[{"href":"https:\/\/tropical-hotel.be\/nl\/wp-json\/wp\/v2\/media?parent=9846"}],"curies":[{"name":"wp","href":"https:\/\/api.w.org\/{rel}","templated":true}]}}