{"id":13034,"date":"2024-06-02T14:36:59","date_gmt":"2024-06-02T12:36:59","guid":{"rendered":"https:\/\/tropical-hotel.be\/gourmet-menu\/"},"modified":"2025-10-06T17:33:07","modified_gmt":"2025-10-06T15:33:07","slug":"gourmet-menu","status":"publish","type":"page","link":"https:\/\/tropical-hotel.be\/nl\/gourmet-menu\/","title":{"rendered":"Gourmet Menu"},"content":{"rendered":"\t\t<div data-elementor-type=\"wp-page\" data-elementor-id=\"13034\" class=\"elementor elementor-13034 elementor-13016\" data-elementor-post-type=\"page\">\n\t\t\t\t\t\t<section class=\"elementor-section elementor-top-section elementor-element elementor-element-bbf4ae3 elementor-section-boxed elementor-section-height-default elementor-section-height-default\" data-id=\"bbf4ae3\" data-element_type=\"section\">\n\t\t\t\t\t\t<div class=\"elementor-container elementor-column-gap-default\">\n\t\t\t\t\t<div class=\"elementor-column elementor-col-100 elementor-top-column elementor-element elementor-element-788fa1e\" data-id=\"788fa1e\" data-element_type=\"column\">\n\t\t\t<div class=\"elementor-widget-wrap elementor-element-populated\">\n\t\t\t\t\t\t<div class=\"elementor-element elementor-element-94a74f0 elementor-widget elementor-widget-text-editor\" data-id=\"94a74f0\" data-element_type=\"widget\" data-widget_type=\"text-editor.default\">\n\t\t\t\t<div class=\"elementor-widget-container\">\n\t\t\t\t\t\t\t\t\t<p>Ons Restaurant Kokejane biedt u zijn gastronomisch menu, ontworpen door onze chef-kok Alexandre.<\/p>\t\t\t\t\t\t\t\t<\/div>\n\t\t\t\t<\/div>\n\t\t\t\t\t<\/div>\n\t\t<\/div>\n\t\t\t\t\t<\/div>\n\t\t<\/section>\n\t\t\t\t<section class=\"elementor-section elementor-top-section elementor-element elementor-element-008927e elementor-section-full_width elementor-section-height-default elementor-section-height-default\" data-id=\"008927e\" data-element_type=\"section\">\n\t\t\t\t\t\t<div class=\"elementor-container elementor-column-gap-default\">\n\t\t\t\t\t<div class=\"elementor-column elementor-col-16 elementor-top-column elementor-element elementor-element-d0af3f6\" data-id=\"d0af3f6\" data-element_type=\"column\">\n\t\t\t<div class=\"elementor-widget-wrap\">\n\t\t\t\t\t\t\t<\/div>\n\t\t<\/div>\n\t\t\t\t<div class=\"elementor-column elementor-col-66 elementor-top-column elementor-element elementor-element-a610c6e\" data-id=\"a610c6e\" data-element_type=\"column\">\n\t\t\t<div class=\"elementor-widget-wrap elementor-element-populated\">\n\t\t\t\t\t\t<div class=\"elementor-element elementor-element-fdca4b1 elementor-widget elementor-widget-heading\" data-id=\"fdca4b1\" data-element_type=\"widget\" data-widget_type=\"heading.default\">\n\t\t\t\t<div class=\"elementor-widget-container\">\n\t\t\t\t\t<h2 class=\"elementor-heading-title elementor-size-default\">Gourmet Menu<\/h2>\t\t\t\t<\/div>\n\t\t\t\t<\/div>\n\t\t\t\t<div class=\"elementor-element elementor-element-54ad333 elementor-widget elementor-widget-shortcode\" data-id=\"54ad333\" data-element_type=\"widget\" data-widget_type=\"shortcode.default\">\n\t\t\t\t<div class=\"elementor-widget-container\">\n\t\t\t\t\t\t\t<div class=\"elementor-shortcode\"><div style=\"text-align:center;margin:20px 0;\">\n            <iframe src=\"https:\/\/docs.google.com\/gview?embedded=true&#038;url=https%3A%2F%2Ftropical-hotel.be%2Fwp-content%2Fuploads%2F2026%2F04%2FMenu-gourmet-printemps-2026.doc\" style=\"width:100%;height:1200px;border:none;\"><\/iframe>\n        <\/div><\/div>\n\t\t\t\t\t\t<\/div>\n\t\t\t\t<\/div>\n\t\t\t\t<div class=\"elementor-element elementor-element-1d2a2ef elementor-widget elementor-widget-text-editor\" data-id=\"1d2a2ef\" data-element_type=\"widget\" data-widget_type=\"text-editor.default\">\n\t\t\t\t<div class=\"elementor-widget-container\">\n\t\t\t\t\t\t\t\t\t<p>*Onze menu&#8217;s worden door onze chef-kok Alexandre samengesteld op basis van de dagelijkse aanvoer.<\/p>\t\t\t\t\t\t\t\t<\/div>\n\t\t\t\t<\/div>\n\t\t\t\t\t<\/div>\n\t\t<\/div>\n\t\t\t\t<div class=\"elementor-column elementor-col-16 elementor-top-column elementor-element elementor-element-7a24567\" data-id=\"7a24567\" data-element_type=\"column\">\n\t\t\t<div class=\"elementor-widget-wrap\">\n\t\t\t\t\t\t\t<\/div>\n\t\t<\/div>\n\t\t\t\t\t<\/div>\n\t\t<\/section>\n\t\t\t\t<section class=\"elementor-section elementor-top-section elementor-element elementor-element-8a8cfae elementor-section-boxed elementor-section-height-default elementor-section-height-default\" data-id=\"8a8cfae\" data-element_type=\"section\">\n\t\t\t\t\t\t<div class=\"elementor-container elementor-column-gap-default\">\n\t\t\t\t\t<div class=\"elementor-column elementor-col-100 elementor-top-column elementor-element elementor-element-43abe8f\" data-id=\"43abe8f\" data-element_type=\"column\">\n\t\t\t<div class=\"elementor-widget-wrap elementor-element-populated\">\n\t\t\t\t\t\t<div class=\"elementor-element elementor-element-38618c5 elementor-hidden-desktop elementor-hidden-tablet elementor-hidden-mobile elementor-widget elementor-widget-heading\" data-id=\"38618c5\" data-element_type=\"widget\" data-widget_type=\"heading.default\">\n\t\t\t\t<div class=\"elementor-widget-container\">\n\t\t\t\t\t<h4 class=\"elementor-heading-title elementor-size-default\">Rundscarpaccio, tartufata, rucola, truffel en parmezaan -\nRundscarpaccio tartufata, rucola, truffel en parmezaan\n<\/br><\/br>* * *<\/br><\/br>Filet de porcelet Ib\u00e9rique \u00e0 l'Ardennaise - Spaans speenvarkenfilet op Ardeense wijze<\/br><\/br>* * *<\/br><\/br>Ananas Corazon\n\nOf \/ Van\n\nAssiette de fromages affin\u00e9s maison - Bord huisgerijpte kazen\n<\/br><\/br>* * *<\/br><\/br><\/h4>\t\t\t\t<\/div>\n\t\t\t\t<\/div>\n\t\t\t\t<div class=\"elementor-element elementor-element-4d17224 elementor-hidden-desktop elementor-hidden-tablet elementor-hidden-mobile elementor-widget elementor-widget-heading\" data-id=\"4d17224\" data-element_type=\"widget\" data-widget_type=\"heading.default\">\n\t\t\t\t<div class=\"elementor-widget-container\">\n\t\t\t\t\t<h4 class=\"elementor-heading-title elementor-size-default\">Alternatief gerecht - Alternatief hoofdgerecht\n<\/br><\/br>* *<\/br><\/br><\/h4>\t\t\t\t<\/div>\n\t\t\t\t<\/div>\n\t\t\t\t<div class=\"elementor-element elementor-element-0284aae elementor-hidden-desktop elementor-hidden-tablet elementor-hidden-mobile elementor-widget elementor-widget-heading\" data-id=\"0284aae\" data-element_type=\"widget\" data-widget_type=\"heading.default\">\n\t\t\t\t<div class=\"elementor-widget-container\">\n\t\t\t\t\t<h4 class=\"elementor-heading-title elementor-size-default\">Achterkant van Schotse zalm met appels - Schotse zalmrug met appelen\n<\/br><\/br>* * *<\/br><\/br>Verse pasta carbonara \/ Italiaans \/ zalm \/ vegetarisch - Verse pasta carbonara \/ Italiaanse wijze \/ zalm \/ vegetarisch\n\n<\/br><\/br>* * *<\/br><\/br>Hamburger, friet, salade<\/br><\/br>* * *<\/br><\/br><\/h4>\t\t\t\t<\/div>\n\t\t\t\t<\/div>\n\t\t\t\t<div class=\"elementor-element elementor-element-7d18b66 elementor-hidden-desktop elementor-hidden-tablet elementor-hidden-mobile elementor-widget elementor-widget-heading\" data-id=\"7d18b66\" data-element_type=\"widget\" data-widget_type=\"heading.default\">\n\t\t\t\t<div class=\"elementor-widget-container\">\n\t\t\t\t\t<h4 class=\"elementor-heading-title elementor-size-default\">Merci de r\u00e9server votre table avant 17h - Gelieve uw tafel te reserveren voor 17u\n<\/br><\/br>* * *<\/br><\/br><\/h4>\t\t\t\t<\/div>\n\t\t\t\t<\/div>\n\t\t\t\t\t<\/div>\n\t\t<\/div>\n\t\t\t\t\t<\/div>\n\t\t<\/section>\n\t\t\t\t<section class=\"elementor-section elementor-top-section elementor-element elementor-element-879e93a elementor-section-boxed elementor-section-height-default elementor-section-height-default\" data-id=\"879e93a\" data-element_type=\"section\">\n\t\t\t\t\t\t<div class=\"elementor-container elementor-column-gap-default\">\n\t\t\t\t\t<div class=\"elementor-column elementor-col-100 elementor-top-column elementor-element elementor-element-f530aab\" data-id=\"f530aab\" data-element_type=\"column\">\n\t\t\t<div class=\"elementor-widget-wrap elementor-element-populated\">\n\t\t\t\t\t\t<div class=\"elementor-element elementor-element-75f70a0 elementor-widget elementor-widget-heading\" data-id=\"75f70a0\" data-element_type=\"widget\" data-widget_type=\"heading.default\">\n\t\t\t\t<div class=\"elementor-widget-container\">\n\t\t\t\t\t<h2 class=\"elementor-heading-title elementor-size-default\">Restaurant Kokejane in Durbuy<\/h2>\t\t\t\t<\/div>\n\t\t\t\t<\/div>\n\t\t\t\t<div class=\"elementor-element elementor-element-e4c3cac elementor-widget-divider--view-line elementor-widget elementor-widget-divider\" data-id=\"e4c3cac\" data-element_type=\"widget\" data-widget_type=\"divider.default\">\n\t\t\t\t<div class=\"elementor-widget-container\">\n\t\t\t\t\t\t\t<div class=\"elementor-divider\">\n\t\t\t<span class=\"elementor-divider-separator\">\n\t\t\t\t\t\t<\/span>\n\t\t<\/div>\n\t\t\t\t\t\t<\/div>\n\t\t\t\t<\/div>\n\t\t\t\t\t<\/div>\n\t\t<\/div>\n\t\t\t\t\t<\/div>\n\t\t<\/section>\n\t\t\t\t<section class=\"elementor-section elementor-top-section elementor-element elementor-element-c272b15 elementor-section-full_width elementor-section-stretched elementor-section-height-default elementor-section-height-default\" data-id=\"c272b15\" data-element_type=\"section\" data-settings=\"{&quot;stretch_section&quot;:&quot;section-stretched&quot;}\">\n\t\t\t\t\t\t<div class=\"elementor-container elementor-column-gap-default\">\n\t\t\t\t\t<div class=\"elementor-column elementor-col-33 elementor-top-column elementor-element elementor-element-22630ed\" data-id=\"22630ed\" data-element_type=\"column\">\n\t\t\t<div class=\"elementor-widget-wrap elementor-element-populated\">\n\t\t\t\t\t\t<div class=\"elementor-element elementor-element-c19cda4 elementor-widget elementor-widget-image\" data-id=\"c19cda4\" data-element_type=\"widget\" data-widget_type=\"image.default\">\n\t\t\t\t<div class=\"elementor-widget-container\">\n\t\t\t\t\t\t\t\t\t\t\t\t\t\t\t<img fetchpriority=\"high\" decoding=\"async\" width=\"400\" height=\"400\" src=\"https:\/\/tropical-hotel.be\/wp-content\/uploads\/2019\/08\/1526762_737462103035067_1443971437944627204_n-400x400.jpg\" class=\"attachment-round-personnel-size size-round-personnel-size wp-image-5210\" alt=\"Booking\" srcset=\"https:\/\/tropical-hotel.be\/wp-content\/uploads\/2019\/08\/1526762_737462103035067_1443971437944627204_n-400x400.jpg 400w, https:\/\/tropical-hotel.be\/wp-content\/uploads\/2019\/08\/1526762_737462103035067_1443971437944627204_n-150x150.jpg 150w\" sizes=\"(max-width: 400px) 100vw, 400px\" title=\"\">\t\t\t\t\t\t\t\t\t\t\t\t\t\t\t<\/div>\n\t\t\t\t<\/div>\n\t\t\t\t\t<\/div>\n\t\t<\/div>\n\t\t\t\t<div class=\"elementor-column elementor-col-66 elementor-top-column elementor-element elementor-element-c4756e4\" data-id=\"c4756e4\" data-element_type=\"column\">\n\t\t\t<div class=\"elementor-widget-wrap elementor-element-populated\">\n\t\t\t\t\t\t<div class=\"elementor-element elementor-element-d6d677a elementor-widget elementor-widget-text-editor\" data-id=\"d6d677a\" data-element_type=\"widget\" data-widget_type=\"text-editor.default\">\n\t\t\t\t<div class=\"elementor-widget-container\">\n\t\t\t\t\t\t\t\t\t<p>Ons restaurant Kokejane met zicht op de tropische tuin biedt u een fijne Franse gastronomische keuken aangepast aan de seizoenen en het marktaanbod.<\/p><p>U kan genieten van diverse zalige en verfijnde gerechten. Bekijk snel onze <a href=\"https:\/\/tropical-hotel.be\/restaurant-durbuy\/nos-menus-7.html\">menu<\/a>\u2019s.<\/p><p>Wij blijven graag tot uw dienst voor een vrijblijvende offerte voor de organisatie van banketten, seminaries, communies,\u2026<\/p><p>Het restaurant biedt plaats aan ongeveer 120 personen.<\/p>\t\t\t\t\t\t\t\t<\/div>\n\t\t\t\t<\/div>\n\t\t\t\t\t<\/div>\n\t\t<\/div>\n\t\t\t\t\t<\/div>\n\t\t<\/section>\n\t\t\t\t<section class=\"elementor-section elementor-top-section elementor-element elementor-element-bef0c31 elementor-section-stretched elementor-section-boxed elementor-section-height-default elementor-section-height-default\" data-id=\"bef0c31\" data-element_type=\"section\" data-settings=\"{&quot;stretch_section&quot;:&quot;section-stretched&quot;}\">\n\t\t\t\t\t\t<div class=\"elementor-container elementor-column-gap-default\">\n\t\t\t\t\t<div class=\"elementor-column elementor-col-100 elementor-top-column elementor-element elementor-element-a53ca15\" data-id=\"a53ca15\" data-element_type=\"column\">\n\t\t\t<div class=\"elementor-widget-wrap elementor-element-populated\">\n\t\t\t\t\t\t<div class=\"elementor-element elementor-element-8625253 elementor-widget elementor-widget-heading\" data-id=\"8625253\" data-element_type=\"widget\" data-widget_type=\"heading.default\">\n\t\t\t\t<div class=\"elementor-widget-container\">\n\t\t\t\t\t<h2 class=\"elementor-heading-title elementor-size-default\">Gourmetmenu - Kokejane<\/h2>\t\t\t\t<\/div>\n\t\t\t\t<\/div>\n\t\t\t\t<div class=\"elementor-element elementor-element-8404314 elementor-widget-divider--view-line elementor-widget elementor-widget-divider\" data-id=\"8404314\" data-element_type=\"widget\" data-widget_type=\"divider.default\">\n\t\t\t\t<div class=\"elementor-widget-container\">\n\t\t\t\t\t\t\t<div class=\"elementor-divider\">\n\t\t\t<span class=\"elementor-divider-separator\">\n\t\t\t\t\t\t<\/span>\n\t\t<\/div>\n\t\t\t\t\t\t<\/div>\n\t\t\t\t<\/div>\n\t\t\t\t<div class=\"elementor-element elementor-element-27da2c4 elementor-widget elementor-widget-text-editor\" data-id=\"27da2c4\" data-element_type=\"widget\" data-widget_type=\"text-editor.default\">\n\t\t\t\t<div class=\"elementor-widget-container\">\n\t\t\t\t\t\t\t\t\t<p>Ontdek het gastronomische menu van restaurant Kokejane, gelegen in het hart van het Tropical H\u00f4tel in Durbuy. Onze getalenteerde chef-kok, Alexandre Willems, selecteert de beste seizoensgebonden ingredi\u00ebnten om exquise gerechten te cre\u00ebren die je eetervaring naar een hoger niveau tillen.<\/p><h3>Voorgerechten voor fijnproevers<\/h3><p>Onze gastronomische voorgerechten zijn ontworpen om een weelderige inleiding tot je maaltijd te bieden. Verwacht elegante creaties met ingredi\u00ebnten zoals verse zeevruchten, zeldzame groenten en delicate bereidingen. Elk voorgerecht is een culinair kunstwerk, ontworpen om je smaakpapillen te prikkelen en je gehemelte voor te bereiden op de heerlijkheden die volgen.<\/p><h3>Uitzonderlijke hoofdgerechten<\/h3><p>De hoofdgerechten op het Gourmetmenu zijn een feest van verfijnde gastronomie. Of je nu de voorkeur geeft aan vlees, nobele vis of een verfijnde vegetarische optie, onze chef-kok Alexandre Willems zet al zijn expertise in om gerechten te cre\u00ebren die complexe smaken combineren met een onberispelijke presentatie. Elk gerecht is een demonstratie van creativiteit en culinair meesterschap, waarbij geavanceerde technieken en ingredi\u00ebnten van topkwaliteit worden gebruikt.<\/p><h3>Uitgebreide desserts<\/h3><p>Sluit je maaltijd af met onze uitgebreide desserts, die je eetervaring een luxueuze finishing touch geven. Onze desserts worden bereid met verfijnde ingredi\u00ebnten zoals grand cru chocolade, exotisch fruit en ambachtelijk gebak. Elk dessert is een perfecte combinatie van zoetheid en verfijning, ontworpen om een blijvende indruk achter te laten.<\/p><h3>Een onvergetelijke culinaire ervaring<\/h3><p>Het Gourmet Menu bij Kokejane is meer dan alleen een maaltijd: het is een zintuiglijk avontuur, een viering van haute cuisine in een elegante, gastvrije omgeving. Chef-kok Alexandre Willems en zijn team zijn vastbesloten om een uitzonderlijke gastronomische ervaring te bieden, waarbij elk detail zorgvuldig is uitgedacht om te verrukken en te verrassen.<\/p><p>Wij nodigen u uit om de magie van het Gourmetmenu te ontdekken in het restaurant Kokejane, gelegen in het Tropical H\u00f4tel in Durbuy. Reserveer nu je tafel en laat je meeslepen door een onvergetelijke culinaire ervaring, waar verfijning en creativiteit elkaar ontmoeten.<\/p>\t\t\t\t\t\t\t\t<\/div>\n\t\t\t\t<\/div>\n\t\t\t\t\t<\/div>\n\t\t<\/div>\n\t\t\t\t\t<\/div>\n\t\t<\/section>\n\t\t\t\t<section class=\"elementor-section elementor-top-section elementor-element elementor-element-374802b elementor-section-full_width elementor-section-stretched elementor-section-height-default elementor-section-height-default\" data-id=\"374802b\" data-element_type=\"section\" data-settings=\"{&quot;stretch_section&quot;:&quot;section-stretched&quot;}\">\n\t\t\t\t\t\t<div class=\"elementor-container elementor-column-gap-default\">\n\t\t\t\t\t<div class=\"elementor-column elementor-col-25 elementor-top-column elementor-element elementor-element-47267b9\" data-id=\"47267b9\" data-element_type=\"column\">\n\t\t\t<div class=\"elementor-widget-wrap elementor-element-populated\">\n\t\t\t\t\t\t<div class=\"elementor-element elementor-element-81a7f3e elementor-widget elementor-widget-image\" data-id=\"81a7f3e\" data-element_type=\"widget\" data-widget_type=\"image.default\">\n\t\t\t\t<div class=\"elementor-widget-container\">\n\t\t\t\t\t\t\t\t\t\t\t\t\t\t\t<img decoding=\"async\" width=\"750\" height=\"330\" src=\"https:\/\/tropical-hotel.be\/wp-content\/uploads\/2022\/04\/10517465_758816554232955_4323176620925520510_n-750x330.jpg\" class=\"attachment-post-thumbnail-size size-post-thumbnail-size wp-image-6153\" alt=\"Booking\" title=\"\">\t\t\t\t\t\t\t\t\t\t\t\t\t\t\t<\/div>\n\t\t\t\t<\/div>\n\t\t\t\t\t<\/div>\n\t\t<\/div>\n\t\t\t\t<div class=\"elementor-column elementor-col-25 elementor-top-column elementor-element elementor-element-97da6aa\" data-id=\"97da6aa\" data-element_type=\"column\">\n\t\t\t<div class=\"elementor-widget-wrap elementor-element-populated\">\n\t\t\t\t\t\t<div class=\"elementor-element elementor-element-7f9bfad elementor-widget elementor-widget-image\" data-id=\"7f9bfad\" data-element_type=\"widget\" data-widget_type=\"image.default\">\n\t\t\t\t<div class=\"elementor-widget-container\">\n\t\t\t\t\t\t\t\t\t\t\t\t\t\t\t<img decoding=\"async\" width=\"750\" height=\"330\" src=\"https:\/\/tropical-hotel.be\/wp-content\/uploads\/2022\/02\/P3110024-2048x1365-1-1024x683-1-750x330.jpg\" class=\"attachment-post-thumbnail-size size-post-thumbnail-size wp-image-7187\" alt=\"Booking\" title=\"\">\t\t\t\t\t\t\t\t\t\t\t\t\t\t\t<\/div>\n\t\t\t\t<\/div>\n\t\t\t\t\t<\/div>\n\t\t<\/div>\n\t\t\t\t<div class=\"elementor-column elementor-col-25 elementor-top-column elementor-element elementor-element-35b7e1b\" data-id=\"35b7e1b\" data-element_type=\"column\">\n\t\t\t<div class=\"elementor-widget-wrap elementor-element-populated\">\n\t\t\t\t\t\t<div class=\"elementor-element elementor-element-bc52b3e elementor-widget elementor-widget-image\" data-id=\"bc52b3e\" data-element_type=\"widget\" data-widget_type=\"image.default\">\n\t\t\t\t<div class=\"elementor-widget-container\">\n\t\t\t\t\t\t\t\t\t\t\t\t\t\t\t<img loading=\"lazy\" decoding=\"async\" width=\"750\" height=\"330\" src=\"https:\/\/tropical-hotel.be\/wp-content\/uploads\/2022\/02\/P3110055-2-1024x683-1-750x330.jpg\" class=\"attachment-post-thumbnail-size size-post-thumbnail-size wp-image-7205\" alt=\"Booking\" title=\"\">\t\t\t\t\t\t\t\t\t\t\t\t\t\t\t<\/div>\n\t\t\t\t<\/div>\n\t\t\t\t\t<\/div>\n\t\t<\/div>\n\t\t\t\t<div class=\"elementor-column elementor-col-25 elementor-top-column elementor-element elementor-element-96a4aa3\" data-id=\"96a4aa3\" data-element_type=\"column\">\n\t\t\t<div class=\"elementor-widget-wrap elementor-element-populated\">\n\t\t\t\t\t\t<div class=\"elementor-element elementor-element-c0860bd elementor-widget elementor-widget-image\" data-id=\"c0860bd\" data-element_type=\"widget\" data-widget_type=\"image.default\">\n\t\t\t\t<div class=\"elementor-widget-container\">\n\t\t\t\t\t\t\t\t\t\t\t\t\t\t\t<img loading=\"lazy\" decoding=\"async\" width=\"750\" height=\"330\" src=\"https:\/\/tropical-hotel.be\/wp-content\/uploads\/2022\/02\/ebJoHjKI-768x1024-1-750x330.jpeg\" class=\"attachment-post-thumbnail-size size-post-thumbnail-size wp-image-4999\" alt=\"Booking\" title=\"\">\t\t\t\t\t\t\t\t\t\t\t\t\t\t\t<\/div>\n\t\t\t\t<\/div>\n\t\t\t\t\t<\/div>\n\t\t<\/div>\n\t\t\t\t\t<\/div>\n\t\t<\/section>\n\t\t\t\t<\/div>\n\t\t","protected":false},"excerpt":{"rendered":"<p>Ons Restaurant Kokejane biedt u zijn gastronomisch menu, ontworpen door onze chef-kok Alexandre. Gourmet Menu *Onze menu&#8217;s worden door onze chef-kok Alexandre samengesteld op basis van de dagelijkse aanvoer. Rundscarpaccio, tartufata, rucola, truffel en parmezaan &#8211; Rundscarpaccio tartufata, rucola, truffel en parmezaan * * *Filet de porcelet Ib\u00e9rique \u00e0 l&#8217;Ardennaise &#8211; Spaans speenvarkenfilet op Ardeense&#8230; <\/p>\n<div class=\"clear\"><\/div>\n<p><a href=\"https:\/\/tropical-hotel.be\/nl\/gourmet-menu\/\" class=\"excerpt-read-more\">Continue Reading<i class=\"fa fa-long-arrow-right icon-long-arrow-right\"><\/i><\/a><\/p>\n","protected":false},"author":1,"featured_media":0,"parent":0,"menu_order":0,"comment_status":"closed","ping_status":"closed","template":"","meta":{"footnotes":""},"class_list":["post-13034","page","type-page","status-publish","hentry"],"_links":{"self":[{"href":"https:\/\/tropical-hotel.be\/nl\/wp-json\/wp\/v2\/pages\/13034","targetHints":{"allow":["GET"]}}],"collection":[{"href":"https:\/\/tropical-hotel.be\/nl\/wp-json\/wp\/v2\/pages"}],"about":[{"href":"https:\/\/tropical-hotel.be\/nl\/wp-json\/wp\/v2\/types\/page"}],"author":[{"embeddable":true,"href":"https:\/\/tropical-hotel.be\/nl\/wp-json\/wp\/v2\/users\/1"}],"replies":[{"embeddable":true,"href":"https:\/\/tropical-hotel.be\/nl\/wp-json\/wp\/v2\/comments?post=13034"}],"version-history":[{"count":10,"href":"https:\/\/tropical-hotel.be\/nl\/wp-json\/wp\/v2\/pages\/13034\/revisions"}],"predecessor-version":[{"id":16780,"href":"https:\/\/tropical-hotel.be\/nl\/wp-json\/wp\/v2\/pages\/13034\/revisions\/16780"}],"wp:attachment":[{"href":"https:\/\/tropical-hotel.be\/nl\/wp-json\/wp\/v2\/media?parent=13034"}],"curies":[{"name":"wp","href":"https:\/\/api.w.org\/{rel}","templated":true}]}}