{"id":9497,"date":"2022-02-20T12:25:44","date_gmt":"2022-02-20T12:25:44","guid":{"rendered":"https:\/\/tropical-hotel.be\/our-rooms\/"},"modified":"2022-12-22T12:09:40","modified_gmt":"2022-12-22T12:09:40","slug":"our-rooms","status":"publish","type":"page","link":"https:\/\/tropical-hotel.be\/en\/our-rooms\/","title":{"rendered":"Our rooms"},"content":{"rendered":"\t\t<div data-elementor-type=\"wp-page\" data-elementor-id=\"9497\" class=\"elementor elementor-9497 elementor-5120\" data-elementor-post-type=\"page\">\n\t\t\t\t\t\t<section class=\"elementor-section elementor-top-section elementor-element elementor-element-fd4ee8b elementor-section-boxed elementor-section-height-default elementor-section-height-default\" data-id=\"fd4ee8b\" data-element_type=\"section\">\n\t\t\t\t\t\t<div class=\"elementor-container elementor-column-gap-default\">\n\t\t\t\t\t<div class=\"elementor-column elementor-col-100 elementor-top-column elementor-element elementor-element-5f48ecb\" data-id=\"5f48ecb\" data-element_type=\"column\">\n\t\t\t<div class=\"elementor-widget-wrap elementor-element-populated\">\n\t\t\t\t\t\t<div class=\"elementor-element elementor-element-f1af14a elementor-widget elementor-widget-hotel-room\" data-id=\"f1af14a\" data-element_type=\"widget\" data-widget_type=\"hotel-room.default\">\n\t\t\t\t<div class=\"elementor-widget-container\">\n\t\t\t\t\t<div class=\"room-item-wrapper type-medium-new\" ><div class=\"room-item-holder \"><div class=\"gdlr-item gdlr-room-item gdlr-medium-room gdlr-medium-room-new\"><div class=\"gdlr-ux gdlr-medium-room-ux\"><div class=\"gdlr-room-thumbnail\"><div class=\"gdlr-thumbnail-gallery\" ><a href=\"#\" data-fc-gallery=\"[{&quot;href&quot;:&quot;https:\\\/\\\/tropical-hotel.be\\\/wp-content\\\/uploads\\\/2022\\\/02\\\/1.jpg&quot;},{&quot;href&quot;:&quot;https:\\\/\\\/tropical-hotel.be\\\/wp-content\\\/uploads\\\/2022\\\/02\\\/Tropical-Hotel1-scaled.webp&quot;},{&quot;href&quot;:&quot;https:\\\/\\\/tropical-hotel.be\\\/wp-content\\\/uploads\\\/2022\\\/02\\\/3.jpg&quot;},{&quot;href&quot;:&quot;https:\\\/\\\/tropical-hotel.be\\\/wp-content\\\/uploads\\\/2022\\\/02\\\/4.jpg&quot;},{&quot;href&quot;:&quot;https:\\\/\\\/tropical-hotel.be\\\/wp-content\\\/uploads\\\/2022\\\/02\\\/Tropical-Hotel4-scaled.webp&quot;}]\" ><img fetchpriority=\"high\" decoding=\"async\" src=\"https:\/\/tropical-hotel.be\/wp-content\/uploads\/2022\/09\/\u00a9Anne-Ginetti-2674-600x388.jpg\" alt=\"Booking\" width=\"600\" height=\"388\" title=\"\"><div class=\"gdlr-thumbnail-gallery-overlay\" ><\/div><div class=\"gdlr-thumbnail-gallery-label gdlr-title-font\" ><i class=\"fa fa-image\"><\/i>View Gallery<\/div><\/a><\/div><\/div><div class=\"gdlr-room-content-wrapper\"><h3 class=\"gdlr-room-title\"><a href=\"https:\/\/tropical-hotel.be\/en\/room\/japanese-garden-room\/\" >Japanese Garden Room<\/a><\/h3><div class=\"gdlr-hotel-room-info-new-style\"><div class=\"gdlr-room-info-new-style\"><span class=\"gdlr-head\" ><img decoding=\"async\" src=\"https:\/\/tropical-hotel.be\/wp-content\/uploads\/2015\/03\/room-people.png\" alt=\"Booking\" width=\"81\" height=\"75\" title=\"\"><\/span><span class=\"gdlr-tail\">2 \u00e0 3 Personnes<\/span><\/div><div class=\"gdlr-room-info-new-style\"><span class=\"gdlr-head\" ><img decoding=\"async\" src=\"https:\/\/tropical-hotel.be\/wp-content\/uploads\/2015\/03\/room-size.png\" alt=\"Booking\" width=\"84\" height=\"80\" title=\"\"><\/span><span class=\"gdlr-tail\">24 m\u00b2<\/span><\/div><div class=\"gdlr-room-info-new-style\"><span class=\"gdlr-head\" ><img loading=\"lazy\" decoding=\"async\" src=\"https:\/\/tropical-hotel.be\/wp-content\/uploads\/2015\/03\/room-smoke.png\" alt=\"Booking\" width=\"91\" height=\"91\" title=\"\"><\/span><span class=\"gdlr-tail\">Non Fumeur<\/span><\/div><div class=\"gdlr-room-info-new-style\"><span class=\"gdlr-head\" ><img decoding=\"async\" src=\"https:\/\/tropical-hotel.be\/wp-content\/themes\/hotelmaster\/images\/default-icon\/wifi-icon.png\" alt=\"Booking\" title=\"\"><\/span><span class=\"gdlr-tail\">Wifi Gratuit<\/span><\/div><div class=\"clear\"><\/div><\/div><div class=\"gdlr-room-content\">Comfortable and quiet room in our Japanese garden next to a landscaped pond. Ideal room for a couple with pets allowed.<\/div><a class=\"gdlr-button with-border\" href=\"https:\/\/tropical-hotel.be\/en\/room\/japanese-garden-room\/\">Check Details<i class=\"fa fa-long-arrow-right icon-long-arrow-right\"><\/i><\/a><div class=\"gdlr-room-price\"><span class=\"gdlr-head\">From<\/span><span class=\"gdlr-tail\">\u20ac104<\/span><\/div><div class=\"clear\"><\/div><\/div><div class=\"clear\"><\/div><\/div><\/div><div class=\"gdlr-item gdlr-room-item gdlr-medium-room gdlr-medium-room-new\"><div class=\"gdlr-ux gdlr-medium-room-ux\"><div class=\"gdlr-room-thumbnail\"><div class=\"gdlr-thumbnail-gallery\" ><a href=\"#\" data-fc-gallery=\"[]\" ><img loading=\"lazy\" decoding=\"async\" src=\"https:\/\/tropical-hotel.be\/wp-content\/uploads\/2019\/08\/\u00a9Anne-Ginetti-2399-600x388.jpg\" alt=\"Booking\" width=\"600\" height=\"388\" title=\"\"><div class=\"gdlr-thumbnail-gallery-overlay\" ><\/div><div class=\"gdlr-thumbnail-gallery-label gdlr-title-font\" ><i class=\"fa fa-image\"><\/i>View Gallery<\/div><\/a><\/div><\/div><div class=\"gdlr-room-content-wrapper\"><h3 class=\"gdlr-room-title\"><a href=\"https:\/\/tropical-hotel.be\/en\/room\/pool-view-room\/\" >Pool View Room<\/a><\/h3><div class=\"gdlr-hotel-room-info-new-style\"><div class=\"gdlr-room-info-new-style\"><span class=\"gdlr-head\" ><img decoding=\"async\" src=\"https:\/\/tropical-hotel.be\/wp-content\/uploads\/2015\/03\/room-people.png\" alt=\"Booking\" width=\"81\" height=\"75\" title=\"\"><\/span><span class=\"gdlr-tail\">2 \u00e0 3 Personnes<\/span><\/div><div class=\"gdlr-room-info-new-style\"><span class=\"gdlr-head\" ><img decoding=\"async\" src=\"https:\/\/tropical-hotel.be\/wp-content\/uploads\/2015\/03\/room-size.png\" alt=\"Booking\" width=\"84\" height=\"80\" title=\"\"><\/span><span class=\"gdlr-tail\">24 m\u00b2<\/span><\/div><div class=\"gdlr-room-info-new-style\"><span class=\"gdlr-head\" ><img loading=\"lazy\" decoding=\"async\" src=\"https:\/\/tropical-hotel.be\/wp-content\/uploads\/2015\/03\/room-bed.png\" alt=\"Booking\" width=\"80\" height=\"65\" title=\"\"><\/span><span class=\"gdlr-tail\">Lit Double<\/span><\/div><div class=\"gdlr-room-info-new-style\"><span class=\"gdlr-head\" ><img loading=\"lazy\" decoding=\"async\" src=\"https:\/\/tropical-hotel.be\/wp-content\/uploads\/2015\/03\/room-smoke.png\" alt=\"Booking\" width=\"91\" height=\"91\" title=\"\"><\/span><span class=\"gdlr-tail\">Non Fumeur<\/span><\/div><div class=\"clear\"><\/div><\/div><div class=\"gdlr-room-content\">Comfortable room by our natural pool with terrace, ideal for a couple. It has a private parking space and a view of the garden.<\/div><a class=\"gdlr-button with-border\" href=\"https:\/\/tropical-hotel.be\/en\/room\/pool-view-room\/\">Check Details<i class=\"fa fa-long-arrow-right icon-long-arrow-right\"><\/i><\/a><div class=\"gdlr-room-price\"><span class=\"gdlr-head\">From<\/span><span class=\"gdlr-tail\">\u20ac129<\/span><\/div><div class=\"clear\"><\/div><\/div><div class=\"clear\"><\/div><\/div><\/div><div class=\"gdlr-item gdlr-room-item gdlr-medium-room gdlr-medium-room-new\"><div class=\"gdlr-ux gdlr-medium-room-ux\"><div class=\"gdlr-room-thumbnail\"><div class=\"gdlr-thumbnail-gallery\" ><a href=\"#\" data-fc-gallery=\"[{&quot;href&quot;:&quot;https:\\\/\\\/tropical-hotel.be\\\/wp-content\\\/uploads\\\/2019\\\/08\\\/triple-T2.jpeg&quot;},{&quot;href&quot;:&quot;https:\\\/\\\/tropical-hotel.be\\\/wp-content\\\/uploads\\\/2019\\\/08\\\/IMG_3855-1-scaled-1-1024x579-1.jpeg&quot;}]\" ><img loading=\"lazy\" decoding=\"async\" src=\"https:\/\/tropical-hotel.be\/wp-content\/uploads\/2019\/08\/\u00a9Anne-Ginetti-2470-600x388.jpg\" alt=\"Rooms near the pool - Tropical H\u00f4tel\" width=\"600\" height=\"388\" title=\"\"><div class=\"gdlr-thumbnail-gallery-overlay\" ><\/div><div class=\"gdlr-thumbnail-gallery-label gdlr-title-font\" ><i class=\"fa fa-image\"><\/i>View Gallery<\/div><\/a><\/div><\/div><div class=\"gdlr-room-content-wrapper\"><h3 class=\"gdlr-room-title\"><a href=\"https:\/\/tropical-hotel.be\/en\/room\/room-near-the-pool\/\" >Room near the pool<\/a><\/h3><div class=\"gdlr-hotel-room-info-new-style\"><div class=\"gdlr-room-info-new-style\"><span class=\"gdlr-head\" ><img decoding=\"async\" src=\"https:\/\/tropical-hotel.be\/wp-content\/uploads\/2015\/03\/room-people.png\" alt=\"Booking\" width=\"81\" height=\"75\" title=\"\"><\/span><span class=\"gdlr-tail\">2 \u00e0 3 Personnes<\/span><\/div><div class=\"gdlr-room-info-new-style\"><span class=\"gdlr-head\" ><img decoding=\"async\" src=\"https:\/\/tropical-hotel.be\/wp-content\/uploads\/2015\/03\/room-size.png\" alt=\"Booking\" width=\"84\" height=\"80\" title=\"\"><\/span><span class=\"gdlr-tail\">24 m\u00b2<\/span><\/div><div class=\"gdlr-room-info-new-style\"><span class=\"gdlr-head\" ><img loading=\"lazy\" decoding=\"async\" src=\"https:\/\/tropical-hotel.be\/wp-content\/uploads\/2015\/03\/room-smoke.png\" alt=\"Booking\" width=\"91\" height=\"91\" title=\"\"><\/span><span class=\"gdlr-tail\">Non Fumeur<\/span><\/div><div class=\"gdlr-room-info-new-style\"><span class=\"gdlr-head\" ><img decoding=\"async\" src=\"https:\/\/tropical-hotel.be\/wp-content\/themes\/hotelmaster\/images\/default-icon\/wifi-icon.png\" alt=\"Booking\" title=\"\"><\/span><span class=\"gdlr-tail\">Wifi Gratuit<\/span><\/div><div class=\"clear\"><\/div><\/div><div class=\"gdlr-room-content\">Comfortable rooms near our natural swimming pool for 2 to 3 people. It has a wide view outside and their size is more suitable for an extra bed.<\/div><a class=\"gdlr-button with-border\" href=\"https:\/\/tropical-hotel.be\/en\/room\/room-near-the-pool\/\">Check Details<i class=\"fa fa-long-arrow-right icon-long-arrow-right\"><\/i><\/a><div class=\"gdlr-room-price\"><span class=\"gdlr-head\">From<\/span><span class=\"gdlr-tail\">\u20ac129<\/span><\/div><div class=\"clear\"><\/div><\/div><div class=\"clear\"><\/div><\/div><\/div><div class=\"gdlr-item gdlr-room-item gdlr-medium-room gdlr-medium-room-new\"><div class=\"gdlr-ux gdlr-medium-room-ux\"><div class=\"gdlr-room-thumbnail\"><div class=\"gdlr-thumbnail-gallery\" ><a href=\"#\" data-fc-gallery=\"[{&quot;href&quot;:null},{&quot;href&quot;:null},{&quot;href&quot;:null}]\" ><img loading=\"lazy\" decoding=\"async\" src=\"https:\/\/tropical-hotel.be\/wp-content\/uploads\/2019\/08\/\u00a9Anne-Ginetti-2458-1-600x388.jpg\" alt=\"Family Room - Tropical H\u00f4tel\" width=\"600\" height=\"388\" title=\"\"><div class=\"gdlr-thumbnail-gallery-overlay\" ><\/div><div class=\"gdlr-thumbnail-gallery-label gdlr-title-font\" ><i class=\"fa fa-image\"><\/i>View Gallery<\/div><\/a><\/div><\/div><div class=\"gdlr-room-content-wrapper\"><h3 class=\"gdlr-room-title\"><a href=\"https:\/\/tropical-hotel.be\/en\/room\/family-room\/\" >Family Room<\/a><\/h3><div class=\"gdlr-hotel-room-info-new-style\"><div class=\"gdlr-room-info-new-style\"><span class=\"gdlr-head\" ><img decoding=\"async\" src=\"https:\/\/tropical-hotel.be\/wp-content\/uploads\/2015\/03\/room-people.png\" alt=\"Booking\" width=\"81\" height=\"75\" title=\"\"><\/span><span class=\"gdlr-tail\">2 \u00e0 5 Personnes<\/span><\/div><div class=\"gdlr-room-info-new-style\"><span class=\"gdlr-head\" ><img decoding=\"async\" src=\"https:\/\/tropical-hotel.be\/wp-content\/uploads\/2015\/03\/room-size.png\" alt=\"Booking\" width=\"84\" height=\"80\" title=\"\"><\/span><span class=\"gdlr-tail\">34 m\u00b2<\/span><\/div><div class=\"gdlr-room-info-new-style\"><span class=\"gdlr-head\" ><img loading=\"lazy\" decoding=\"async\" src=\"https:\/\/tropical-hotel.be\/wp-content\/uploads\/2015\/03\/room-bed.png\" alt=\"Booking\" width=\"80\" height=\"65\" title=\"\"><\/span><span class=\"gdlr-tail\">Lit Double<\/span><\/div><div class=\"gdlr-room-info-new-style\"><span class=\"gdlr-head\" ><img loading=\"lazy\" decoding=\"async\" src=\"https:\/\/tropical-hotel.be\/wp-content\/uploads\/2015\/03\/room-smoke.png\" alt=\"Booking\" width=\"91\" height=\"91\" title=\"\"><\/span><span class=\"gdlr-tail\">Non Fumeur<\/span><\/div><div class=\"clear\"><\/div><\/div><div class=\"gdlr-room-content\">Comfortable family room on the second floor of our main building for up to 5 people.<\/div><a class=\"gdlr-button with-border\" href=\"https:\/\/tropical-hotel.be\/en\/room\/family-room\/\">Check Details<i class=\"fa fa-long-arrow-right icon-long-arrow-right\"><\/i><\/a><div class=\"gdlr-room-price\"><span class=\"gdlr-head\">From<\/span><span class=\"gdlr-tail\">\u20ac166<\/span><\/div><div class=\"clear\"><\/div><\/div><div class=\"clear\"><\/div><\/div><\/div><div class=\"gdlr-item gdlr-room-item gdlr-medium-room gdlr-medium-room-new\"><div class=\"gdlr-ux gdlr-medium-room-ux\"><div class=\"gdlr-room-thumbnail\"><div class=\"gdlr-thumbnail-gallery\" ><a href=\"#\" data-fc-gallery=\"[{&quot;href&quot;:null},{&quot;href&quot;:null}]\" ><img loading=\"lazy\" decoding=\"async\" src=\"https:\/\/tropical-hotel.be\/wp-content\/uploads\/2019\/08\/\u00a9Anne-Ginetti-2409-1-600x388.jpg\" alt=\"Comfort Room - Tropical H\u00f4tel\" width=\"600\" height=\"388\" title=\"\"><div class=\"gdlr-thumbnail-gallery-overlay\" ><\/div><div class=\"gdlr-thumbnail-gallery-label gdlr-title-font\" ><i class=\"fa fa-image\"><\/i>View Gallery<\/div><\/a><\/div><\/div><div class=\"gdlr-room-content-wrapper\"><h3 class=\"gdlr-room-title\"><a href=\"https:\/\/tropical-hotel.be\/en\/room\/comfort-room\/\" >Comfort room<\/a><\/h3><div class=\"gdlr-hotel-room-info-new-style\"><div class=\"gdlr-room-info-new-style\"><span class=\"gdlr-head\" ><img decoding=\"async\" src=\"https:\/\/tropical-hotel.be\/wp-content\/uploads\/2015\/03\/room-people.png\" alt=\"Booking\" width=\"81\" height=\"75\" title=\"\"><\/span><span class=\"gdlr-tail\">2 Personnes<\/span><\/div><div class=\"gdlr-room-info-new-style\"><span class=\"gdlr-head\" ><img decoding=\"async\" src=\"https:\/\/tropical-hotel.be\/wp-content\/uploads\/2015\/03\/room-size.png\" alt=\"Booking\" width=\"84\" height=\"80\" title=\"\"><\/span><span class=\"gdlr-tail\">34 m\u00b2<\/span><\/div><div class=\"gdlr-room-info-new-style\"><span class=\"gdlr-head\" ><img loading=\"lazy\" decoding=\"async\" src=\"https:\/\/tropical-hotel.be\/wp-content\/uploads\/2015\/03\/room-bed.png\" alt=\"Booking\" width=\"80\" height=\"65\" title=\"\"><\/span><span class=\"gdlr-tail\">Double Lit<\/span><\/div><div class=\"gdlr-room-info-new-style\"><span class=\"gdlr-head\" ><img loading=\"lazy\" decoding=\"async\" src=\"https:\/\/tropical-hotel.be\/wp-content\/uploads\/2015\/03\/room-smoke.png\" alt=\"Booking\" width=\"91\" height=\"91\" title=\"\"><\/span><span class=\"gdlr-tail\">Non Fumeur<\/span><\/div><div class=\"clear\"><\/div><\/div><div class=\"gdlr-room-content\">Large comfortable room with a very large bathroom located on the second floor of our main building. Ideal for 2 people looking for more comfort.<\/div><a class=\"gdlr-button with-border\" href=\"https:\/\/tropical-hotel.be\/en\/room\/comfort-room\/\">Check Details<i class=\"fa fa-long-arrow-right icon-long-arrow-right\"><\/i><\/a><div class=\"gdlr-room-price\"><span class=\"gdlr-head\">From<\/span><span class=\"gdlr-tail\">\u20ac166<\/span><\/div><div class=\"clear\"><\/div><\/div><div class=\"clear\"><\/div><\/div><\/div><div class=\"gdlr-item gdlr-room-item gdlr-medium-room gdlr-medium-room-new\"><div class=\"gdlr-ux gdlr-medium-room-ux\"><div class=\"gdlr-room-thumbnail\"><div class=\"gdlr-thumbnail-gallery\" ><a href=\"#\" data-fc-gallery=\"[{&quot;href&quot;:null},{&quot;href&quot;:null},{&quot;href&quot;:null},{&quot;href&quot;:null}]\" ><img loading=\"lazy\" decoding=\"async\" src=\"https:\/\/tropical-hotel.be\/wp-content\/uploads\/2022\/09\/\u00a9Anne-Ginetti-2990-600x388.jpg\" alt=\"Duplex - Tropical Hotel\" width=\"600\" height=\"388\" title=\"\"><div class=\"gdlr-thumbnail-gallery-overlay\" ><\/div><div class=\"gdlr-thumbnail-gallery-label gdlr-title-font\" ><i class=\"fa fa-image\"><\/i>View Gallery<\/div><\/a><\/div><\/div><div class=\"gdlr-room-content-wrapper\"><h3 class=\"gdlr-room-title\"><a href=\"https:\/\/tropical-hotel.be\/en\/room\/duplex\/\" >Duplex<\/a><\/h3><div class=\"gdlr-hotel-room-info-new-style\"><div class=\"gdlr-room-info-new-style\"><span class=\"gdlr-head\" ><img decoding=\"async\" src=\"https:\/\/tropical-hotel.be\/wp-content\/uploads\/2015\/03\/room-people.png\" alt=\"Booking\" width=\"81\" height=\"75\" title=\"\"><\/span><span class=\"gdlr-tail\">2 \u00e0 7 Personnes<\/span><\/div><div class=\"gdlr-room-info-new-style\"><span class=\"gdlr-head\" ><img decoding=\"async\" src=\"https:\/\/tropical-hotel.be\/wp-content\/uploads\/2015\/03\/room-size.png\" alt=\"Booking\" width=\"84\" height=\"80\" title=\"\"><\/span><span class=\"gdlr-tail\">100 m\u00b2<\/span><\/div><div class=\"gdlr-room-info-new-style\"><span class=\"gdlr-head\" ><img loading=\"lazy\" decoding=\"async\" src=\"https:\/\/tropical-hotel.be\/wp-content\/uploads\/2015\/03\/room-bed.png\" alt=\"Booking\" width=\"80\" height=\"65\" title=\"\"><\/span><span class=\"gdlr-tail\">Double Lit<\/span><\/div><div class=\"gdlr-room-info-new-style\"><span class=\"gdlr-head\" ><img loading=\"lazy\" decoding=\"async\" src=\"https:\/\/tropical-hotel.be\/wp-content\/uploads\/2015\/03\/room-smoke.png\" alt=\"Booking\" width=\"91\" height=\"91\" title=\"\"><\/span><span class=\"gdlr-tail\">Non Fumeur<\/span><\/div><div class=\"clear\"><\/div><\/div><div class=\"gdlr-room-content\">Very quiet and comfortable duplex surrounded by nature that can accommodate up to 7 people. The duplex also benefits from a pleasant private outdoor terrace.<\/div><a class=\"gdlr-button with-border\" href=\"https:\/\/tropical-hotel.be\/en\/room\/duplex\/\">Check Details<i class=\"fa fa-long-arrow-right icon-long-arrow-right\"><\/i><\/a><div class=\"gdlr-room-price\"><span class=\"gdlr-head\">From<\/span><span class=\"gdlr-tail\">\u20ac270<\/span><\/div><div class=\"clear\"><\/div><\/div><div class=\"clear\"><\/div><\/div><\/div><div class=\"clear\"><\/div><\/div><\/div>\t\t\t\t<script>\r\n\t\t\t\t\t(function($){\r\n\t\t\t\t\t\t$(document).ready(function(){\r\n\t\t\t\t\t\t\t$('.flexslider').gdlr_flexslider();\r\n\t\t\t\t\t\t});\r\n\t\t\t\t\t})(jQuery);\r\n\t\t\t\t<\/script>\r\n\t\t\t\t\t\t\t<\/div>\n\t\t\t\t<\/div>\n\t\t\t\t\t<\/div>\n\t\t<\/div>\n\t\t\t\t\t<\/div>\n\t\t<\/section>\n\t\t\t\t<\/div>\n\t\t","protected":false},"excerpt":{"rendered":"<p>Voir Galerie Chambre Jardin Japonais 3 Personnes24 m\u00b2Non FumeurWifi GratuitChambre confortable et au calme dans notre jardin japonais \u00e0 c\u00f4t\u00e9 d&#8217;un \u00e9tang paysag\u00e9. Chambre id\u00e9ale pour un couple avec animaux de compagnie autoris\u00e9s.Voir les D\u00e9tails\u00c0 partir de\u20ac104Voir Galerie Chambre Vue Piscine 3 Personnes24 m\u00b2Lit DoubleNon FumeurChambre confortable au bord de notre piscine naturelle avec terrasse,&#8230; <\/p>\n<div class=\"clear\"><\/div>\n<p><a href=\"https:\/\/tropical-hotel.be\/en\/room\/duplex\/\" class=\"excerpt-read-more\">Continue Reading<i class=\"fa fa-long-arrow-right icon-long-arrow-right\"><\/i><\/a><\/p>\n","protected":false},"author":1,"featured_media":0,"parent":0,"menu_order":0,"comment_status":"closed","ping_status":"closed","template":"","meta":{"footnotes":""},"class_list":["post-9497","page","type-page","status-publish","hentry"],"_links":{"self":[{"href":"https:\/\/tropical-hotel.be\/en\/wp-json\/wp\/v2\/pages\/9497","targetHints":{"allow":["GET"]}}],"collection":[{"href":"https:\/\/tropical-hotel.be\/en\/wp-json\/wp\/v2\/pages"}],"about":[{"href":"https:\/\/tropical-hotel.be\/en\/wp-json\/wp\/v2\/types\/page"}],"author":[{"embeddable":true,"href":"https:\/\/tropical-hotel.be\/en\/wp-json\/wp\/v2\/users\/1"}],"replies":[{"embeddable":true,"href":"https:\/\/tropical-hotel.be\/en\/wp-json\/wp\/v2\/comments?post=9497"}],"version-history":[{"count":1,"href":"https:\/\/tropical-hotel.be\/en\/wp-json\/wp\/v2\/pages\/9497\/revisions"}],"predecessor-version":[{"id":9498,"href":"https:\/\/tropical-hotel.be\/en\/wp-json\/wp\/v2\/pages\/9497\/revisions\/9498"}],"wp:attachment":[{"href":"https:\/\/tropical-hotel.be\/en\/wp-json\/wp\/v2\/media?parent=9497"}],"curies":[{"name":"wp","href":"https:\/\/api.w.org\/{rel}","templated":true}]}}