{"id":16079,"date":"2025-06-30T09:39:58","date_gmt":"2025-06-30T07:39:58","guid":{"rendered":"https:\/\/tropical-hotel.be\/rechtliche-hinweise\/"},"modified":"2025-07-03T18:14:44","modified_gmt":"2025-07-03T16:14:44","slug":"rechtliche-hinweise","status":"publish","type":"page","link":"https:\/\/tropical-hotel.be\/de\/rechtliche-hinweise\/","title":{"rendered":"Rechtliche Hinweise"},"content":{"rendered":"\n<p>Bitte lesen Sie diese Nutzungsbedingungen sorgf\u00e4ltig durch, bevor Sie auf dieser Website surfen. Wenn Sie auf dieser Website weiter surfen, stimmen Sie diesen Bedingungen vorbehaltlos zu. Gem\u00e4\u00df Artikel 6 des Gesetzes Nr. 2004-575 vom 21. Juni 2004 \u00fcber das Vertrauen in die digitale Wirtschaft sind die Verantwortlichen f\u00fcr diese Website:  <\/p>\n\n<h3 class=\"wp-block-heading\">1. Herausgeber der Website<\/h3>\n\n<p><strong>Name des Unternehmens<\/strong>: RECAM SA<\/p>\n\n<p><strong>Adresse des eingetragenen Sitzes<\/strong>: Rue des Comtes du Luxembourg 41, 6940 Durbuy<\/p>\n\n<p><strong>Unternehmensnummer (MwSt.<\/strong> ): BE0424668473<\/p>\n\n<p><strong>Telefon<\/strong>: +32 (0)86 213 995<\/p>\n\n<p><strong>E-Mail<\/strong>: info@tropical-hotel.be<\/p>\n\n<p><strong>Verantwortlich f\u00fcr die Ver\u00f6ffentlichung<\/strong>: Alexandre Willems<\/p>\n\n<h3 class=\"wp-block-heading\">2. Entwicklung der Website<\/h3>\n\n<p><strong>Technische Realisation<\/strong>: Webedia SRL<\/p>\n\n<p><strong>Adresse<\/strong>: Avenue Louise 367, 1050 Br\u00fcssel &#8211; Belgien<\/p>\n\n<p><strong>Unternehmensnummer<\/strong>: BE0771.506.524<\/p>\n\n<p><strong>E-Mail<\/strong>: <a>info@webedia.be<\/a><\/p>\n\n<p><strong>Gesetzlicher Vertreter<\/strong>: Thomas Timmermans<\/p>\n\n<h3 class=\"wp-block-heading\">3. Unterkunft<\/h3>\n\n<p><strong>Hosting<\/strong>: Hetzner Online GmbH<\/p>\n\n<p><strong>Adresse des Hostinganbieters<\/strong>: Industriestr. 25, 91710 Gunzenhausen, Deutschland <\/p>\n\n<p><strong>Website:<\/strong> https: <a href=\"https:\/\/www.hetzner.com\/legal\/legal-notice\/\" target=\"_blank\" rel=\"noopener\">\/\/www.hetzner.com<\/a><\/p>\n\n<h3 class=\"wp-block-heading\">4. Bedingungen f\u00fcr die Nutzung<\/h3>\n\n<p>Die Website ist \u00fcber verschiedene moderne Browser (Chrome, Firefox, Safari, Edge, etc.) zug\u00e4nglich und verwendet aktuelle Webtechnologien (HTML5, CSS, JavaScript, etc.) f\u00fcr eine bessere Benutzererfahrung. Der Eigent\u00fcmer und Webedia SRL unternehmen alle Anstrengungen, um genaue und aktuelle Informationen bereitzustellen. Dennoch kann es zu Fehlern oder Auslassungen kommen. Die Nutzer werden gebeten, Ungenauigkeiten oder Fehlfunktionen per E-Mail an die oben angegebene Adresse zu melden.   <\/p>\n\n<h3 class=\"wp-block-heading\">5. Beschr\u00e4nkung der Haftung<\/h3>\n\n<p>Die Nutzung der auf dieser Website enthaltenen Informationen unterliegt der alleinigen Verantwortung des Nutzers. Weder der Eigent\u00fcmer der Website noch Webedia SRL haften f\u00fcr direkte oder indirekte Sch\u00e4den, die sich aus der Nutzung der Informationen, dem Zugriff auf die Website oder dem Herunterladen von Dateien auf der Website ergeben. <\/p>\n\n<h3 class=\"wp-block-heading\">6. Cookies<\/h3>\n\n<p>Diese Website kann Cookies verwenden, um die Benutzererfahrung zu verbessern und f\u00fcr statistische Zwecke. Durch das Surfen auf dieser Website stimmt der Nutzer der Verwendung von Cookies zu. Der Nutzer kann die Cookies in den Einstellungen seines Browsers verwalten, wobei zu beachten ist, dass einige Funktionen ohne Cookies eingeschr\u00e4nkt oder nicht verf\u00fcgbar sein k\u00f6nnten.  <\/p>\n\n<h3 class=\"wp-block-heading\">7. Hypertext-Links<\/h3>\n\n<p>Diese Website kann Links zu externen Websites enthalten. Der Eigent\u00fcmer der Website und Webedia SRL haben keine Kontrolle \u00fcber diese externen Ressourcen und sind nicht verantwortlich f\u00fcr deren Inhalt oder f\u00fcr Sch\u00e4den, die aus deren Nutzung entstehen k\u00f6nnen. <\/p>\n\n<p>Die Einrichtung eines Hypertext-Links zu dieser Website bedarf der vorherigen schriftlichen Genehmigung des Eigent\u00fcmers der Website oder von Webedia SRL. F\u00fcr Anfragen senden Sie bitte eine E-Mail an die oben angegebene Adresse. <\/p>\n\n<h3 class=\"wp-block-heading\">8. Geistiges Eigentum<\/h3>\n\n<p>Der gesamte Inhalt (Texte, Bilder, Grafiken, Videos, Logos, Icons usw.) auf dieser Website ist durch geistige Eigentumsrechte gesch\u00fctzt. Jede Vervielf\u00e4ltigung oder Nutzung, auch in Teilen, bedarf der vorherigen schriftlichen Genehmigung des Eigent\u00fcmers der Website oder von Webedia SRL. <\/p>\n\n<h3 class=\"wp-block-heading\">9. Anwendbares Recht und Gerichtsbarkeit<\/h3>\n\n<p>Die vorliegenden Nutzungsbedingungen unterliegen dem belgischen Recht. Alle Streitigkeiten in Bezug auf die Auslegung oder Ausf\u00fchrung dieser Bedingungen unterliegen der ausschlie\u00dflichen Zust\u00e4ndigkeit der zust\u00e4ndigen Gerichte am Sitz des Eigent\u00fcmers der Website. <\/p>\n","protected":false},"excerpt":{"rendered":"<p>Bitte lesen Sie diese Nutzungsbedingungen sorgf\u00e4ltig durch, bevor Sie auf dieser Website surfen. Wenn Sie auf dieser Website weiter surfen, stimmen Sie diesen Bedingungen vorbehaltlos zu. Gem\u00e4\u00df Artikel 6 des Gesetzes Nr. 2004-575 vom 21. Juni 2004 \u00fcber das Vertrauen in die digitale Wirtschaft sind die Verantwortlichen f\u00fcr diese Website: 1. Herausgeber der Website Name&#8230; <\/p>\n<div class=\"clear\"><\/div>\n<p><a href=\"https:\/\/tropical-hotel.be\/de\/rechtliche-hinweise\/\" class=\"excerpt-read-more\">Continue Reading<i class=\"fa fa-long-arrow-right icon-long-arrow-right\"><\/i><\/a><\/p>\n","protected":false},"author":1,"featured_media":0,"parent":0,"menu_order":0,"comment_status":"closed","ping_status":"closed","template":"","meta":{"footnotes":""},"class_list":["post-16079","page","type-page","status-publish","hentry"],"_links":{"self":[{"href":"https:\/\/tropical-hotel.be\/de\/wp-json\/wp\/v2\/pages\/16079","targetHints":{"allow":["GET"]}}],"collection":[{"href":"https:\/\/tropical-hotel.be\/de\/wp-json\/wp\/v2\/pages"}],"about":[{"href":"https:\/\/tropical-hotel.be\/de\/wp-json\/wp\/v2\/types\/page"}],"author":[{"embeddable":true,"href":"https:\/\/tropical-hotel.be\/de\/wp-json\/wp\/v2\/users\/1"}],"replies":[{"embeddable":true,"href":"https:\/\/tropical-hotel.be\/de\/wp-json\/wp\/v2\/comments?post=16079"}],"version-history":[{"count":1,"href":"https:\/\/tropical-hotel.be\/de\/wp-json\/wp\/v2\/pages\/16079\/revisions"}],"predecessor-version":[{"id":16080,"href":"https:\/\/tropical-hotel.be\/de\/wp-json\/wp\/v2\/pages\/16079\/revisions\/16080"}],"wp:attachment":[{"href":"https:\/\/tropical-hotel.be\/de\/wp-json\/wp\/v2\/media?parent=16079"}],"curies":[{"name":"wp","href":"https:\/\/api.w.org\/{rel}","templated":true}]}}