{"id":13590,"date":"2023-11-21T19:20:03","date_gmt":"2023-11-21T17:20:03","guid":{"rendered":"https:\/\/tropical-hotel.be\/silvestermenue\/"},"modified":"2024-12-15T10:19:37","modified_gmt":"2024-12-15T08:19:37","slug":"silvestermenue","status":"publish","type":"page","link":"https:\/\/tropical-hotel.be\/de\/silvestermenue\/","title":{"rendered":"Silvestermen\u00fc"},"content":{"rendered":"\t\t<div data-elementor-type=\"wp-page\" data-elementor-id=\"13590\" class=\"elementor elementor-13590 elementor-11682\" data-elementor-post-type=\"page\">\n\t\t\t\t\t\t<section class=\"elementor-section elementor-top-section elementor-element elementor-element-fdf7a57 elementor-section-full_width elementor-section-stretched elementor-section-height-default elementor-section-height-default\" data-id=\"fdf7a57\" data-element_type=\"section\" data-settings=\"{&quot;stretch_section&quot;:&quot;section-stretched&quot;}\">\n\t\t\t\t\t\t<div class=\"elementor-container elementor-column-gap-default\">\n\t\t\t\t\t<div class=\"elementor-column elementor-col-100 elementor-top-column elementor-element elementor-element-aa7347e\" data-id=\"aa7347e\" data-element_type=\"column\">\n\t\t\t<div class=\"elementor-widget-wrap elementor-element-populated\">\n\t\t\t\t\t\t<div class=\"elementor-element elementor-element-888b23b elementor-widget elementor-widget-text-editor\" data-id=\"888b23b\" data-element_type=\"widget\" data-widget_type=\"text-editor.default\">\n\t\t\t\t<div class=\"elementor-widget-container\">\n\t\t\t\t\t\t\t\t\t<p>Entdecken Sie das Men\u00fc, das unser K\u00fcchenchef Alexandre speziell f\u00fcr den Neujahrsempfang in unserem Restaurant Kokejane zusammengestellt hat.<\/p>\n\t\t\t\t\t\t\t\t<\/div>\n\t\t\t\t<\/div>\n\t\t\t\t\t<\/div>\n\t\t<\/div>\n\t\t\t\t\t<\/div>\n\t\t<\/section>\n\t\t\t\t<section class=\"elementor-section elementor-top-section elementor-element elementor-element-a0cd447 elementor-section-boxed elementor-section-height-default elementor-section-height-default\" data-id=\"a0cd447\" data-element_type=\"section\">\n\t\t\t\t\t\t<div class=\"elementor-container elementor-column-gap-default\">\n\t\t\t\t\t<div class=\"elementor-column elementor-col-100 elementor-top-column elementor-element elementor-element-915e1c4\" data-id=\"915e1c4\" data-element_type=\"column\">\n\t\t\t<div class=\"elementor-widget-wrap elementor-element-populated\">\n\t\t\t\t\t\t<div class=\"elementor-element elementor-element-aba69f3 elementor-widget elementor-widget-heading\" data-id=\"aba69f3\" data-element_type=\"widget\" data-widget_type=\"heading.default\">\n\t\t\t\t<div class=\"elementor-widget-container\">\n\t\t\t\t\t<h2 class=\"elementor-heading-title elementor-size-default\">Silvestermen\u00fc 2024 f\u00fcr 99\u20ac pro Person<\/h2>\t\t\t\t<\/div>\n\t\t\t\t<\/div>\n\t\t\t\t<div class=\"elementor-element elementor-element-1d420a4 elementor-widget-divider--view-line elementor-widget elementor-widget-divider\" data-id=\"1d420a4\" data-element_type=\"widget\" data-widget_type=\"divider.default\">\n\t\t\t\t<div class=\"elementor-widget-container\">\n\t\t\t\t\t\t\t<div class=\"elementor-divider\">\n\t\t\t<span class=\"elementor-divider-separator\">\n\t\t\t\t\t\t<\/span>\n\t\t<\/div>\n\t\t\t\t\t\t<\/div>\n\t\t\t\t<\/div>\n\t\t\t\t<div class=\"elementor-element elementor-element-11f6474 elementor-widget elementor-widget-heading\" data-id=\"11f6474\" data-element_type=\"widget\" data-widget_type=\"heading.default\">\n\t\t\t\t<div class=\"elementor-widget-container\">\n\t\t\t\t\t<h4 class=\"elementor-heading-title elementor-size-default\">Consomm\u00e9 von Freilandgefl\u00fcgel mit Osci\u00e8tre-Kaviar, Doppelrahm  <\/br><\/br>* * *<\/br><\/br>Jakobsmuscheln in Scheiben, Tr\u00fcffelvinaigrette,  <\/br><\/br>* * *<\/br><\/br>Halber Hummer in Champagner, Korallencreme  <\/br><\/br>* * *<\/br><\/br>Normannischer Zwischengang mit Limone und Champagner  <\/br><\/br>* * *<\/br><\/br>Flambiertes Rehfilet, Gourmet-Parmentier, Harlequin-Sauce  <\/br><\/br>* * *<\/br><\/br>Mit Oliven\u00f6l getr\u00fcffeltes Vanilleeis Tropische Fr\u00fcchte<\/br><\/br>* * *<\/h4>\t\t\t\t<\/div>\n\t\t\t\t<\/div>\n\t\t\t\t<div class=\"elementor-element elementor-element-a21c895 elementor-widget elementor-widget-heading\" data-id=\"a21c895\" data-element_type=\"widget\" data-widget_type=\"heading.default\">\n\t\t\t\t<div class=\"elementor-widget-container\">\n\t\t\t\t\t<h2 class=\"elementor-heading-title elementor-size-default\">- Getr\u00e4nkepaket 50\u20ac pro Person -<br>(Aperitif, Weinauswahl, Wasser und Kaffee\/Tee)<\/h2>\t\t\t\t<\/div>\n\t\t\t\t<\/div>\n\t\t\t\t<div class=\"elementor-element elementor-element-b7433e0 elementor-button-success elementor-align-center elementor-widget elementor-widget-button\" data-id=\"b7433e0\" data-element_type=\"widget\" data-widget_type=\"button.default\">\n\t\t\t\t<div class=\"elementor-widget-container\">\n\t\t\t\t\t\t\t\t\t<div class=\"elementor-button-wrapper\">\n\t\t\t\t\t<a class=\"elementor-button elementor-button-link elementor-size-sm\" href=\"https:\/\/tropical-hotel.be\/?booking\">\n\t\t\t\t\t\t<span class=\"elementor-button-content-wrapper\">\n\t\t\t\t\t\t\t\t\t<span class=\"elementor-button-text\">Reservierung<\/span>\n\t\t\t\t\t<\/span>\n\t\t\t\t\t<\/a>\n\t\t\t\t<\/div>\n\t\t\t\t\t\t\t\t<\/div>\n\t\t\t\t<\/div>\n\t\t\t\t\t<\/div>\n\t\t<\/div>\n\t\t\t\t\t<\/div>\n\t\t<\/section>\n\t\t\t\t<section class=\"elementor-section elementor-top-section elementor-element elementor-element-0ecfdb0 elementor-section-boxed elementor-section-height-default elementor-section-height-default\" data-id=\"0ecfdb0\" data-element_type=\"section\">\n\t\t\t\t\t\t<div class=\"elementor-container elementor-column-gap-default\">\n\t\t\t\t\t<div class=\"elementor-column elementor-col-100 elementor-top-column elementor-element elementor-element-232f9e2\" data-id=\"232f9e2\" data-element_type=\"column\">\n\t\t\t<div class=\"elementor-widget-wrap elementor-element-populated\">\n\t\t\t\t\t\t<div class=\"elementor-element elementor-element-510ae8f elementor-widget elementor-widget-image\" data-id=\"510ae8f\" data-element_type=\"widget\" data-widget_type=\"image.default\">\n\t\t\t\t<div class=\"elementor-widget-container\">\n\t\t\t\t\t\t\t\t\t\t\t\t\t\t\t<img fetchpriority=\"high\" decoding=\"async\" width=\"750\" height=\"330\" src=\"https:\/\/tropical-hotel.be\/wp-content\/uploads\/2022\/09\/Design-sans-titre-21-750x330.jpg\" class=\"attachment-post-slider-side size-post-slider-side wp-image-8959\" alt=\"Booking\" title=\"\">\t\t\t\t\t\t\t\t\t\t\t\t\t\t\t<\/div>\n\t\t\t\t<\/div>\n\t\t\t\t\t<\/div>\n\t\t<\/div>\n\t\t\t\t\t<\/div>\n\t\t<\/section>\n\t\t\t\t<section class=\"elementor-section elementor-top-section elementor-element elementor-element-26f95cc elementor-section-full_width elementor-section-stretched elementor-section-height-default elementor-section-height-default\" data-id=\"26f95cc\" data-element_type=\"section\" data-settings=\"{&quot;stretch_section&quot;:&quot;section-stretched&quot;}\">\n\t\t\t\t\t\t<div class=\"elementor-container elementor-column-gap-default\">\n\t\t\t\t\t<div class=\"elementor-column elementor-col-33 elementor-top-column elementor-element elementor-element-c35d69e\" data-id=\"c35d69e\" data-element_type=\"column\">\n\t\t\t<div class=\"elementor-widget-wrap elementor-element-populated\">\n\t\t\t\t\t\t<div class=\"elementor-element elementor-element-2608a18 elementor-widget elementor-widget-image\" data-id=\"2608a18\" data-element_type=\"widget\" data-widget_type=\"image.default\">\n\t\t\t\t<div class=\"elementor-widget-container\">\n\t\t\t\t\t\t\t\t\t\t\t\t\t\t\t<img decoding=\"async\" width=\"400\" height=\"400\" src=\"https:\/\/tropical-hotel.be\/wp-content\/uploads\/2019\/08\/1526762_737462103035067_1443971437944627204_n-400x400.jpg\" class=\"attachment-round-personnel-size size-round-personnel-size wp-image-5210\" alt=\"Booking\" srcset=\"https:\/\/tropical-hotel.be\/wp-content\/uploads\/2019\/08\/1526762_737462103035067_1443971437944627204_n-400x400.jpg 400w, https:\/\/tropical-hotel.be\/wp-content\/uploads\/2019\/08\/1526762_737462103035067_1443971437944627204_n-150x150.jpg 150w\" sizes=\"(max-width: 400px) 100vw, 400px\" title=\"\">\t\t\t\t\t\t\t\t\t\t\t\t\t\t\t<\/div>\n\t\t\t\t<\/div>\n\t\t\t\t\t<\/div>\n\t\t<\/div>\n\t\t\t\t<div class=\"elementor-column elementor-col-66 elementor-top-column elementor-element elementor-element-192153f\" data-id=\"192153f\" data-element_type=\"column\">\n\t\t\t<div class=\"elementor-widget-wrap elementor-element-populated\">\n\t\t\t\t\t\t<div class=\"elementor-element elementor-element-ea9b73a elementor-widget elementor-widget-text-editor\" data-id=\"ea9b73a\" data-element_type=\"widget\" data-widget_type=\"text-editor.default\">\n\t\t\t\t<div class=\"elementor-widget-container\">\n\t\t\t\t\t\t\t\t\t<p>Unser Restaurant Kokejane mit Blick auf den tropischen Garten pr\u00e4sentiert Ihnen im Rhythmus der Jahreszeiten und je nach Marktlage eine feine franz\u00f6sische K\u00fcche.<\/p>\n<p>Hier k\u00f6nnen Sie eine Vielzahl von raffinierten Gerichten genie\u00dfen, von denen eines k\u00f6stlicher als das andere ist. Entdecken Sie unsere <a href=\"https:\/\/tropical-hotel.be\/restaurant-durbuy\/nos-menus-7.html\">Men\u00fcs<\/a>.<\/p>\n<p>Fragen Sie uns nach einem ma\u00dfgeschneiderten Angebot f\u00fcr Ihre Bankette, Versammlungen, Taufen, Kommunionen, Geburtstage, &#8230;<\/p>\n<p>Unser Restaurant bietet Platz f\u00fcr bis zu 120 Personen f\u00fcr Ihre Bankette, Feiern,&#8230;<\/p>\n\t\t\t\t\t\t\t\t<\/div>\n\t\t\t\t<\/div>\n\t\t\t\t\t<\/div>\n\t\t<\/div>\n\t\t\t\t\t<\/div>\n\t\t<\/section>\n\t\t\t\t<section class=\"elementor-section elementor-top-section elementor-element elementor-element-6e19ef5 elementor-section-full_width elementor-section-stretched elementor-section-height-default elementor-section-height-default\" data-id=\"6e19ef5\" data-element_type=\"section\" data-settings=\"{&quot;stretch_section&quot;:&quot;section-stretched&quot;}\">\n\t\t\t\t\t\t<div class=\"elementor-container elementor-column-gap-default\">\n\t\t\t\t\t<div class=\"elementor-column elementor-col-25 elementor-top-column elementor-element elementor-element-cb27a71\" data-id=\"cb27a71\" data-element_type=\"column\">\n\t\t\t<div class=\"elementor-widget-wrap elementor-element-populated\">\n\t\t\t\t\t\t<div class=\"elementor-element elementor-element-0183434 elementor-widget elementor-widget-image\" data-id=\"0183434\" data-element_type=\"widget\" data-widget_type=\"image.default\">\n\t\t\t\t<div class=\"elementor-widget-container\">\n\t\t\t\t\t\t\t\t\t\t\t\t\t\t\t<img decoding=\"async\" width=\"750\" height=\"330\" src=\"https:\/\/tropical-hotel.be\/wp-content\/uploads\/2022\/08\/\u00a9Anne-Ginetti-2357-750x330.jpg\" class=\"attachment-post-thumbnail-size size-post-thumbnail-size wp-image-8180\" alt=\"Booking\" title=\"\">\t\t\t\t\t\t\t\t\t\t\t\t\t\t\t<\/div>\n\t\t\t\t<\/div>\n\t\t\t\t\t<\/div>\n\t\t<\/div>\n\t\t\t\t<div class=\"elementor-column elementor-col-25 elementor-top-column elementor-element elementor-element-f833766\" data-id=\"f833766\" data-element_type=\"column\">\n\t\t\t<div class=\"elementor-widget-wrap elementor-element-populated\">\n\t\t\t\t\t\t<div class=\"elementor-element elementor-element-519dbb5 elementor-widget elementor-widget-image\" data-id=\"519dbb5\" data-element_type=\"widget\" data-widget_type=\"image.default\">\n\t\t\t\t<div class=\"elementor-widget-container\">\n\t\t\t\t\t\t\t\t\t\t\t\t\t\t\t<img loading=\"lazy\" decoding=\"async\" width=\"750\" height=\"330\" src=\"https:\/\/tropical-hotel.be\/wp-content\/uploads\/2022\/08\/\u00a9Anne-Ginetti-2341-750x330.jpg\" class=\"attachment-post-thumbnail-size size-post-thumbnail-size wp-image-8015\" alt=\"Booking\" title=\"\">\t\t\t\t\t\t\t\t\t\t\t\t\t\t\t<\/div>\n\t\t\t\t<\/div>\n\t\t\t\t\t<\/div>\n\t\t<\/div>\n\t\t\t\t<div class=\"elementor-column elementor-col-25 elementor-top-column elementor-element elementor-element-d66ad6f\" data-id=\"d66ad6f\" data-element_type=\"column\">\n\t\t\t<div class=\"elementor-widget-wrap elementor-element-populated\">\n\t\t\t\t\t\t<div class=\"elementor-element elementor-element-2ac7d15 elementor-widget elementor-widget-image\" data-id=\"2ac7d15\" data-element_type=\"widget\" data-widget_type=\"image.default\">\n\t\t\t\t<div class=\"elementor-widget-container\">\n\t\t\t\t\t\t\t\t\t\t\t\t\t\t\t<img loading=\"lazy\" decoding=\"async\" width=\"750\" height=\"330\" src=\"https:\/\/tropical-hotel.be\/wp-content\/uploads\/2022\/08\/\u00a9Anne-Ginetti-2379-750x330.jpg\" class=\"attachment-post-thumbnail-size size-post-thumbnail-size wp-image-7960\" alt=\"Booking\" title=\"\">\t\t\t\t\t\t\t\t\t\t\t\t\t\t\t<\/div>\n\t\t\t\t<\/div>\n\t\t\t\t\t<\/div>\n\t\t<\/div>\n\t\t\t\t<div class=\"elementor-column elementor-col-25 elementor-top-column elementor-element elementor-element-30404d9\" data-id=\"30404d9\" data-element_type=\"column\">\n\t\t\t<div class=\"elementor-widget-wrap elementor-element-populated\">\n\t\t\t\t\t\t<div class=\"elementor-element elementor-element-2483707 elementor-widget elementor-widget-image\" data-id=\"2483707\" data-element_type=\"widget\" data-widget_type=\"image.default\">\n\t\t\t\t<div class=\"elementor-widget-container\">\n\t\t\t\t\t\t\t\t\t\t\t\t\t\t\t<img loading=\"lazy\" decoding=\"async\" width=\"750\" height=\"330\" src=\"https:\/\/tropical-hotel.be\/wp-content\/uploads\/2019\/08\/\u00a9Anne-Ginetti-2458-1-750x330.jpg\" class=\"attachment-post-thumbnail-size size-post-thumbnail-size wp-image-8380\" alt=\"Familienzimmer - Tropical Hotel\" title=\"\">\t\t\t\t\t\t\t\t\t\t\t\t\t\t\t<\/div>\n\t\t\t\t<\/div>\n\t\t\t\t\t<\/div>\n\t\t<\/div>\n\t\t\t\t\t<\/div>\n\t\t<\/section>\n\t\t\t\t<\/div>\n\t\t","protected":false},"excerpt":{"rendered":"<p>Entdecken Sie das Men\u00fc, das unser K\u00fcchenchef Alexandre speziell f\u00fcr den Neujahrsempfang in unserem Restaurant Kokejane zusammengestellt hat. Silvestermen\u00fc 2024 f\u00fcr 99\u20ac pro Person Consomm\u00e9 von Freilandgefl\u00fcgel mit Osci\u00e8tre-Kaviar, Doppelrahm * * *Jakobsmuscheln in Scheiben, Tr\u00fcffelvinaigrette, * * *Halber Hummer in Champagner, Korallencreme * * *Normannischer Zwischengang mit Limone und Champagner * * *Flambiertes Rehfilet,&#8230; <\/p>\n<div class=\"clear\"><\/div>\n<p><a href=\"https:\/\/tropical-hotel.be\/de\/silvestermenue\/\" class=\"excerpt-read-more\">Continue Reading<i class=\"fa fa-long-arrow-right icon-long-arrow-right\"><\/i><\/a><\/p>\n","protected":false},"author":1,"featured_media":8968,"parent":0,"menu_order":0,"comment_status":"closed","ping_status":"closed","template":"","meta":{"footnotes":""},"class_list":["post-13590","page","type-page","status-publish","has-post-thumbnail","hentry"],"_links":{"self":[{"href":"https:\/\/tropical-hotel.be\/de\/wp-json\/wp\/v2\/pages\/13590","targetHints":{"allow":["GET"]}}],"collection":[{"href":"https:\/\/tropical-hotel.be\/de\/wp-json\/wp\/v2\/pages"}],"about":[{"href":"https:\/\/tropical-hotel.be\/de\/wp-json\/wp\/v2\/types\/page"}],"author":[{"embeddable":true,"href":"https:\/\/tropical-hotel.be\/de\/wp-json\/wp\/v2\/users\/1"}],"replies":[{"embeddable":true,"href":"https:\/\/tropical-hotel.be\/de\/wp-json\/wp\/v2\/comments?post=13590"}],"version-history":[{"count":3,"href":"https:\/\/tropical-hotel.be\/de\/wp-json\/wp\/v2\/pages\/13590\/revisions"}],"predecessor-version":[{"id":14936,"href":"https:\/\/tropical-hotel.be\/de\/wp-json\/wp\/v2\/pages\/13590\/revisions\/14936"}],"wp:featuredmedia":[{"embeddable":true,"href":"https:\/\/tropical-hotel.be\/de\/wp-json\/wp\/v2\/media\/8968"}],"wp:attachment":[{"href":"https:\/\/tropical-hotel.be\/de\/wp-json\/wp\/v2\/media?parent=13590"}],"curies":[{"name":"wp","href":"https:\/\/api.w.org\/{rel}","templated":true}]}}