{"id":13570,"date":"2024-06-02T14:36:59","date_gmt":"2024-06-02T12:36:59","guid":{"rendered":"https:\/\/tropical-hotel.be\/gourmet-menue\/"},"modified":"2025-10-06T17:33:03","modified_gmt":"2025-10-06T15:33:03","slug":"gourmet-menue","status":"publish","type":"page","link":"https:\/\/tropical-hotel.be\/de\/gourmet-menue\/","title":{"rendered":"Gourmet-Men\u00fc"},"content":{"rendered":"\t\t<div data-elementor-type=\"wp-page\" data-elementor-id=\"13570\" class=\"elementor elementor-13570 elementor-13016\" data-elementor-post-type=\"page\">\n\t\t\t\t\t\t<section class=\"elementor-section elementor-top-section elementor-element elementor-element-bbf4ae3 elementor-section-boxed elementor-section-height-default elementor-section-height-default\" data-id=\"bbf4ae3\" data-element_type=\"section\">\n\t\t\t\t\t\t<div class=\"elementor-container elementor-column-gap-default\">\n\t\t\t\t\t<div class=\"elementor-column elementor-col-100 elementor-top-column elementor-element elementor-element-788fa1e\" data-id=\"788fa1e\" data-element_type=\"column\">\n\t\t\t<div class=\"elementor-widget-wrap elementor-element-populated\">\n\t\t\t\t\t\t<div class=\"elementor-element elementor-element-94a74f0 elementor-widget elementor-widget-text-editor\" data-id=\"94a74f0\" data-element_type=\"widget\" data-widget_type=\"text-editor.default\">\n\t\t\t\t<div class=\"elementor-widget-container\">\n\t\t\t\t\t\t\t\t\t<p>Unser Restaurant Kokejane bietet Ihnen ein Gourmet-Men\u00fc, das von unserem Chefkoch Alexandre zusammengestellt wurde.<\/p>\t\t\t\t\t\t\t\t<\/div>\n\t\t\t\t<\/div>\n\t\t\t\t\t<\/div>\n\t\t<\/div>\n\t\t\t\t\t<\/div>\n\t\t<\/section>\n\t\t\t\t<section class=\"elementor-section elementor-top-section elementor-element elementor-element-008927e elementor-section-full_width elementor-section-height-default elementor-section-height-default\" data-id=\"008927e\" data-element_type=\"section\">\n\t\t\t\t\t\t<div class=\"elementor-container elementor-column-gap-default\">\n\t\t\t\t\t<div class=\"elementor-column elementor-col-16 elementor-top-column elementor-element elementor-element-d0af3f6\" data-id=\"d0af3f6\" data-element_type=\"column\">\n\t\t\t<div class=\"elementor-widget-wrap\">\n\t\t\t\t\t\t\t<\/div>\n\t\t<\/div>\n\t\t\t\t<div class=\"elementor-column elementor-col-66 elementor-top-column elementor-element elementor-element-a610c6e\" data-id=\"a610c6e\" data-element_type=\"column\">\n\t\t\t<div class=\"elementor-widget-wrap elementor-element-populated\">\n\t\t\t\t\t\t<div class=\"elementor-element elementor-element-fdca4b1 elementor-widget elementor-widget-heading\" data-id=\"fdca4b1\" data-element_type=\"widget\" data-widget_type=\"heading.default\">\n\t\t\t\t<div class=\"elementor-widget-container\">\n\t\t\t\t\t<h2 class=\"elementor-heading-title elementor-size-default\">Gourmet-Men\u00fc<\/h2>\t\t\t\t<\/div>\n\t\t\t\t<\/div>\n\t\t\t\t<div class=\"elementor-element elementor-element-54ad333 elementor-widget elementor-widget-shortcode\" data-id=\"54ad333\" data-element_type=\"widget\" data-widget_type=\"shortcode.default\">\n\t\t\t\t<div class=\"elementor-widget-container\">\n\t\t\t\t\t\t\t<div class=\"elementor-shortcode\"><div style=\"text-align:center;margin:20px 0;\">\n            <iframe src=\"https:\/\/docs.google.com\/gview?embedded=true&#038;url=https%3A%2F%2Ftropical-hotel.be%2Fwp-content%2Fuploads%2F2026%2F04%2FMenu-gourmet-printemps-2026.doc\" style=\"width:100%;height:1200px;border:none;\"><\/iframe>\n        <\/div><\/div>\n\t\t\t\t\t\t<\/div>\n\t\t\t\t<\/div>\n\t\t\t\t<div class=\"elementor-element elementor-element-1d2a2ef elementor-widget elementor-widget-text-editor\" data-id=\"1d2a2ef\" data-element_type=\"widget\" data-widget_type=\"text-editor.default\">\n\t\t\t\t<div class=\"elementor-widget-container\">\n\t\t\t\t\t\t\t\t\t<p>*Unsere Men\u00fcs werden von unserem Chefkoch Alexandre je nach Tagesangebot zusammengestellt.<\/p>\t\t\t\t\t\t\t\t<\/div>\n\t\t\t\t<\/div>\n\t\t\t\t\t<\/div>\n\t\t<\/div>\n\t\t\t\t<div class=\"elementor-column elementor-col-16 elementor-top-column elementor-element elementor-element-7a24567\" data-id=\"7a24567\" data-element_type=\"column\">\n\t\t\t<div class=\"elementor-widget-wrap\">\n\t\t\t\t\t\t\t<\/div>\n\t\t<\/div>\n\t\t\t\t\t<\/div>\n\t\t<\/section>\n\t\t\t\t<section class=\"elementor-section elementor-top-section elementor-element elementor-element-8a8cfae elementor-section-boxed elementor-section-height-default elementor-section-height-default\" data-id=\"8a8cfae\" data-element_type=\"section\">\n\t\t\t\t\t\t<div class=\"elementor-container elementor-column-gap-default\">\n\t\t\t\t\t<div class=\"elementor-column elementor-col-100 elementor-top-column elementor-element elementor-element-43abe8f\" data-id=\"43abe8f\" data-element_type=\"column\">\n\t\t\t<div class=\"elementor-widget-wrap elementor-element-populated\">\n\t\t\t\t\t\t<div class=\"elementor-element elementor-element-38618c5 elementor-hidden-desktop elementor-hidden-tablet elementor-hidden-mobile elementor-widget elementor-widget-heading\" data-id=\"38618c5\" data-element_type=\"widget\" data-widget_type=\"heading.default\">\n\t\t\t\t<div class=\"elementor-widget-container\">\n\t\t\t\t\t<h4 class=\"elementor-heading-title elementor-size-default\">Carpaccio vom Rind, Tartufata, Rucola, Tr\u00fcffel und Parmesan -\nRundscarpaccio tartufata, ruccuola, truffel en parmezaan\n<\/br><\/br>* * *<\/br><\/br>Iberisches Ferkelfilet auf Ardenner Art - Spaans speenvarkenfilet op Ardeense wijze<\/br><\/br>* * *<\/br><\/br>Ananas Corazon\n\nOder \/ Of\n\nTeller mit hausgemachtem gereiftem K\u00e4se - Bord huisgerijpte kazen\n<\/br><\/br>* * *<\/br><\/br><\/h4>\t\t\t\t<\/div>\n\t\t\t\t<\/div>\n\t\t\t\t<div class=\"elementor-element elementor-element-4d17224 elementor-hidden-desktop elementor-hidden-tablet elementor-hidden-mobile elementor-widget elementor-widget-heading\" data-id=\"4d17224\" data-element_type=\"widget\" data-widget_type=\"heading.default\">\n\t\t\t\t<div class=\"elementor-widget-container\">\n\t\t\t\t\t<h4 class=\"elementor-heading-title elementor-size-default\">Alternativgericht - Alternatief hoofdgerecht\n<\/br><\/br> * * * *<\/br><\/br><\/h4>\t\t\t\t<\/div>\n\t\t\t\t<\/div>\n\t\t\t\t<div class=\"elementor-element elementor-element-0284aae elementor-hidden-desktop elementor-hidden-tablet elementor-hidden-mobile elementor-widget elementor-widget-heading\" data-id=\"0284aae\" data-element_type=\"widget\" data-widget_type=\"heading.default\">\n\t\t\t\t<div class=\"elementor-widget-container\">\n\t\t\t\t\t<h4 class=\"elementor-heading-title elementor-size-default\">Schottischer Lachsr\u00fccken mit \u00c4pfeln - Schotse zalmrug met appelen\n<\/br><\/br>* * *<\/br><\/br>Frische Nudeln Carbonara \/ Italienisch \/ mit Lachs \/ vegetarisch - Verse pasta carbonara \/ Italiaanse wijze \/ zalm \/ vegetarisch\n\n<\/br><\/br>* * *<\/br><\/br>Hamburger, Pommes frites, Salat<\/br><\/br>* * *<\/br><\/br><\/h4>\t\t\t\t<\/div>\n\t\t\t\t<\/div>\n\t\t\t\t<div class=\"elementor-element elementor-element-7d18b66 elementor-hidden-desktop elementor-hidden-tablet elementor-hidden-mobile elementor-widget elementor-widget-heading\" data-id=\"7d18b66\" data-element_type=\"widget\" data-widget_type=\"heading.default\">\n\t\t\t\t<div class=\"elementor-widget-container\">\n\t\t\t\t\t<h4 class=\"elementor-heading-title elementor-size-default\">Bitte reservieren Sie Ihren Tisch vor 17 Uhr - Gelieve uw tafel te reserveren voor 17u\n<\/br><\/br> * * *<\/br><\/br><\/h4>\t\t\t\t<\/div>\n\t\t\t\t<\/div>\n\t\t\t\t\t<\/div>\n\t\t<\/div>\n\t\t\t\t\t<\/div>\n\t\t<\/section>\n\t\t\t\t<section class=\"elementor-section elementor-top-section elementor-element elementor-element-879e93a elementor-section-boxed elementor-section-height-default elementor-section-height-default\" data-id=\"879e93a\" data-element_type=\"section\">\n\t\t\t\t\t\t<div class=\"elementor-container elementor-column-gap-default\">\n\t\t\t\t\t<div class=\"elementor-column elementor-col-100 elementor-top-column elementor-element elementor-element-f530aab\" data-id=\"f530aab\" data-element_type=\"column\">\n\t\t\t<div class=\"elementor-widget-wrap elementor-element-populated\">\n\t\t\t\t\t\t<div class=\"elementor-element elementor-element-75f70a0 elementor-widget elementor-widget-heading\" data-id=\"75f70a0\" data-element_type=\"widget\" data-widget_type=\"heading.default\">\n\t\t\t\t<div class=\"elementor-widget-container\">\n\t\t\t\t\t<h2 class=\"elementor-heading-title elementor-size-default\">Restaurant Kokejane in Durbuy<\/h2>\t\t\t\t<\/div>\n\t\t\t\t<\/div>\n\t\t\t\t<div class=\"elementor-element elementor-element-e4c3cac elementor-widget-divider--view-line elementor-widget elementor-widget-divider\" data-id=\"e4c3cac\" data-element_type=\"widget\" data-widget_type=\"divider.default\">\n\t\t\t\t<div class=\"elementor-widget-container\">\n\t\t\t\t\t\t\t<div class=\"elementor-divider\">\n\t\t\t<span class=\"elementor-divider-separator\">\n\t\t\t\t\t\t<\/span>\n\t\t<\/div>\n\t\t\t\t\t\t<\/div>\n\t\t\t\t<\/div>\n\t\t\t\t\t<\/div>\n\t\t<\/div>\n\t\t\t\t\t<\/div>\n\t\t<\/section>\n\t\t\t\t<section class=\"elementor-section elementor-top-section elementor-element elementor-element-c272b15 elementor-section-full_width elementor-section-stretched elementor-section-height-default elementor-section-height-default\" data-id=\"c272b15\" data-element_type=\"section\" data-settings=\"{&quot;stretch_section&quot;:&quot;section-stretched&quot;}\">\n\t\t\t\t\t\t<div class=\"elementor-container elementor-column-gap-default\">\n\t\t\t\t\t<div class=\"elementor-column elementor-col-33 elementor-top-column elementor-element elementor-element-22630ed\" data-id=\"22630ed\" data-element_type=\"column\">\n\t\t\t<div class=\"elementor-widget-wrap elementor-element-populated\">\n\t\t\t\t\t\t<div class=\"elementor-element elementor-element-c19cda4 elementor-widget elementor-widget-image\" data-id=\"c19cda4\" data-element_type=\"widget\" data-widget_type=\"image.default\">\n\t\t\t\t<div class=\"elementor-widget-container\">\n\t\t\t\t\t\t\t\t\t\t\t\t\t\t\t<img fetchpriority=\"high\" decoding=\"async\" width=\"400\" height=\"400\" src=\"https:\/\/tropical-hotel.be\/wp-content\/uploads\/2019\/08\/1526762_737462103035067_1443971437944627204_n-400x400.jpg\" class=\"attachment-round-personnel-size size-round-personnel-size wp-image-5210\" alt=\"Booking\" srcset=\"https:\/\/tropical-hotel.be\/wp-content\/uploads\/2019\/08\/1526762_737462103035067_1443971437944627204_n-400x400.jpg 400w, https:\/\/tropical-hotel.be\/wp-content\/uploads\/2019\/08\/1526762_737462103035067_1443971437944627204_n-150x150.jpg 150w\" sizes=\"(max-width: 400px) 100vw, 400px\" title=\"\">\t\t\t\t\t\t\t\t\t\t\t\t\t\t\t<\/div>\n\t\t\t\t<\/div>\n\t\t\t\t\t<\/div>\n\t\t<\/div>\n\t\t\t\t<div class=\"elementor-column elementor-col-66 elementor-top-column elementor-element elementor-element-c4756e4\" data-id=\"c4756e4\" data-element_type=\"column\">\n\t\t\t<div class=\"elementor-widget-wrap elementor-element-populated\">\n\t\t\t\t\t\t<div class=\"elementor-element elementor-element-d6d677a elementor-widget elementor-widget-text-editor\" data-id=\"d6d677a\" data-element_type=\"widget\" data-widget_type=\"text-editor.default\">\n\t\t\t\t<div class=\"elementor-widget-container\">\n\t\t\t\t\t\t\t\t\t<p>Unser Restaurant Kokejane mit Blick auf den tropischen Garten pr\u00e4sentiert Ihnen im Rhythmus der Jahreszeiten und je nach Marktlage eine feine franz\u00f6sische K\u00fcche.<\/p><p>Hier k\u00f6nnen Sie eine Vielzahl von raffinierten Gerichten genie\u00dfen, von denen eines k\u00f6stlicher als das andere ist. Entdecken Sie unsere <a href=\"https:\/\/tropical-hotel.be\/restaurant-durbuy\/nos-menus-7.html\">Men\u00fcs<\/a>.<\/p><p>Fragen Sie uns nach einem ma\u00dfgeschneiderten Angebot f\u00fcr Ihre Bankette, Versammlungen, Taufen, Kommunionen, Geburtstage, &#8230;<\/p><p>Unser Restaurant bietet Platz f\u00fcr bis zu 120 Personen f\u00fcr Ihre Bankette, Feiern,&#8230;<\/p>\t\t\t\t\t\t\t\t<\/div>\n\t\t\t\t<\/div>\n\t\t\t\t\t<\/div>\n\t\t<\/div>\n\t\t\t\t\t<\/div>\n\t\t<\/section>\n\t\t\t\t<section class=\"elementor-section elementor-top-section elementor-element elementor-element-bef0c31 elementor-section-stretched elementor-section-boxed elementor-section-height-default elementor-section-height-default\" data-id=\"bef0c31\" data-element_type=\"section\" data-settings=\"{&quot;stretch_section&quot;:&quot;section-stretched&quot;}\">\n\t\t\t\t\t\t<div class=\"elementor-container elementor-column-gap-default\">\n\t\t\t\t\t<div class=\"elementor-column elementor-col-100 elementor-top-column elementor-element elementor-element-a53ca15\" data-id=\"a53ca15\" data-element_type=\"column\">\n\t\t\t<div class=\"elementor-widget-wrap elementor-element-populated\">\n\t\t\t\t\t\t<div class=\"elementor-element elementor-element-8625253 elementor-widget elementor-widget-heading\" data-id=\"8625253\" data-element_type=\"widget\" data-widget_type=\"heading.default\">\n\t\t\t\t<div class=\"elementor-widget-container\">\n\t\t\t\t\t<h2 class=\"elementor-heading-title elementor-size-default\">Gourmet-Men\u00fc - Kokejane<\/h2>\t\t\t\t<\/div>\n\t\t\t\t<\/div>\n\t\t\t\t<div class=\"elementor-element elementor-element-8404314 elementor-widget-divider--view-line elementor-widget elementor-widget-divider\" data-id=\"8404314\" data-element_type=\"widget\" data-widget_type=\"divider.default\">\n\t\t\t\t<div class=\"elementor-widget-container\">\n\t\t\t\t\t\t\t<div class=\"elementor-divider\">\n\t\t\t<span class=\"elementor-divider-separator\">\n\t\t\t\t\t\t<\/span>\n\t\t<\/div>\n\t\t\t\t\t\t<\/div>\n\t\t\t\t<\/div>\n\t\t\t\t<div class=\"elementor-element elementor-element-27da2c4 elementor-widget elementor-widget-text-editor\" data-id=\"27da2c4\" data-element_type=\"widget\" data-widget_type=\"text-editor.default\">\n\t\t\t\t<div class=\"elementor-widget-container\">\n\t\t\t\t\t\t\t\t\t<p>Entdecken Sie das Gourmet-Men\u00fc des Restaurants Kokejane im Herzen des Tropical H\u00f4tel in Durbuy. Unser talentierter K\u00fcchenchef, Alexandre Willems, w\u00e4hlt die feinsten und saisonalsten Zutaten aus, um exquisite Gerichte zu kreieren, die Ihr kulinarisches Erlebnis auf ein neues Niveau heben werden.<\/p><h3>Gourmet Vorspeisen<\/h3><p>Unsere Gourmetvorspeisen sind so konzipiert, dass sie eine pr\u00e4chtige Einleitung zu Ihrem Essen darstellen. Freuen Sie sich auf elegante Kreationen mit Zutaten wie frischen Meeresfr\u00fcchten, seltenen Gem\u00fcsesorten und delikaten Zubereitungen. Jede Vorspeise ist ein kulinarisches Kunstwerk, das Ihre Geschmacksknospen weckt und Ihren Gaumen auf die folgenden K\u00f6stlichkeiten vorbereitet.<\/p><h3>Au\u00dfergew\u00f6hnliche Hauptgerichte<\/h3><p>Die Hauptgerichte des Gourmetmen\u00fcs sind eine Feier der feinen Gastronomie. Ob Sie nun ein erlesenes Fleisch, einen edlen Fisch oder eine anspruchsvolle vegetarische Option bevorzugen, unser K\u00fcchenchef Alexandre Willems setzt sein ganzes K\u00f6nnen ein, um Gerichte zu kreieren, die komplexe Aromen und makellose Pr\u00e4sentationen vereinen. Jeder Teller ist eine Demonstration von Kreativit\u00e4t und kulinarischer Meisterschaft, unter Verwendung fortschrittlicher Techniken und erstklassiger Zutaten.<\/p><h3>Ausgearbeitete Desserts<\/h3><p>Beenden Sie Ihre Mahlzeit mit unseren aufwendigen Desserts, die Ihrem gastronomischen Erlebnis einen luxuri\u00f6sen Abschluss verleihen. Unsere Desserts werden mit feinen Zutaten wie Grand Cru-Schokolade, exotischen Fr\u00fcchten und handgefertigten Konditorkreationen zubereitet. Jedes Dessert ist eine perfekte Kombination aus Weichheit und Raffinesse, die einen bleibenden Eindruck hinterlassen soll.<\/p><h3>Ein unvergessliches kulinarisches Erlebnis<\/h3><p>Das Gourmet-Men\u00fc im Restaurant Kokejane ist mehr als nur eine Mahlzeit: Es ist ein Abenteuer f\u00fcr die Sinne, eine Feier der Haute Cuisine in einer eleganten und einladenden Umgebung. Chefkoch Alexandre Willems und sein Team haben es sich zur Aufgabe gemacht, ein au\u00dfergew\u00f6hnliches gastronomisches Erlebnis zu bieten, bei dem jedes Detail sorgf\u00e4ltig durchdacht ist, um zu begeistern und zu \u00fcberraschen.<\/p><p>Wir laden Sie ein, die Magie des Gourmetmen\u00fcs im Restaurant Kokejane im Tropical H\u00f4tel in Durbuy zu entdecken. Reservieren Sie jetzt Ihren Tisch und lassen Sie sich von einem unvergesslichen kulinarischen Erlebnis mitrei\u00dfen, bei dem Raffinesse und Kreativit\u00e4t aufeinandertreffen.<\/p>\t\t\t\t\t\t\t\t<\/div>\n\t\t\t\t<\/div>\n\t\t\t\t\t<\/div>\n\t\t<\/div>\n\t\t\t\t\t<\/div>\n\t\t<\/section>\n\t\t\t\t<section class=\"elementor-section elementor-top-section elementor-element elementor-element-374802b elementor-section-full_width elementor-section-stretched elementor-section-height-default elementor-section-height-default\" data-id=\"374802b\" data-element_type=\"section\" data-settings=\"{&quot;stretch_section&quot;:&quot;section-stretched&quot;}\">\n\t\t\t\t\t\t<div class=\"elementor-container elementor-column-gap-default\">\n\t\t\t\t\t<div class=\"elementor-column elementor-col-25 elementor-top-column elementor-element elementor-element-47267b9\" data-id=\"47267b9\" data-element_type=\"column\">\n\t\t\t<div class=\"elementor-widget-wrap elementor-element-populated\">\n\t\t\t\t\t\t<div class=\"elementor-element elementor-element-81a7f3e elementor-widget elementor-widget-image\" data-id=\"81a7f3e\" data-element_type=\"widget\" data-widget_type=\"image.default\">\n\t\t\t\t<div class=\"elementor-widget-container\">\n\t\t\t\t\t\t\t\t\t\t\t\t\t\t\t<img decoding=\"async\" width=\"750\" height=\"330\" src=\"https:\/\/tropical-hotel.be\/wp-content\/uploads\/2022\/04\/10517465_758816554232955_4323176620925520510_n-750x330.jpg\" class=\"attachment-post-thumbnail-size size-post-thumbnail-size wp-image-7363\" alt=\"Booking\" title=\"\">\t\t\t\t\t\t\t\t\t\t\t\t\t\t\t<\/div>\n\t\t\t\t<\/div>\n\t\t\t\t\t<\/div>\n\t\t<\/div>\n\t\t\t\t<div class=\"elementor-column elementor-col-25 elementor-top-column elementor-element elementor-element-97da6aa\" data-id=\"97da6aa\" data-element_type=\"column\">\n\t\t\t<div class=\"elementor-widget-wrap elementor-element-populated\">\n\t\t\t\t\t\t<div class=\"elementor-element elementor-element-7f9bfad elementor-widget elementor-widget-image\" data-id=\"7f9bfad\" data-element_type=\"widget\" data-widget_type=\"image.default\">\n\t\t\t\t<div class=\"elementor-widget-container\">\n\t\t\t\t\t\t\t\t\t\t\t\t\t\t\t<img decoding=\"async\" width=\"750\" height=\"330\" src=\"https:\/\/tropical-hotel.be\/wp-content\/uploads\/2022\/02\/P3110024-2048x1365-1-1024x683-1-750x330.jpg\" class=\"attachment-post-thumbnail-size size-post-thumbnail-size wp-image-7189\" alt=\"Booking\" title=\"\">\t\t\t\t\t\t\t\t\t\t\t\t\t\t\t<\/div>\n\t\t\t\t<\/div>\n\t\t\t\t\t<\/div>\n\t\t<\/div>\n\t\t\t\t<div class=\"elementor-column elementor-col-25 elementor-top-column elementor-element elementor-element-35b7e1b\" data-id=\"35b7e1b\" data-element_type=\"column\">\n\t\t\t<div class=\"elementor-widget-wrap elementor-element-populated\">\n\t\t\t\t\t\t<div class=\"elementor-element elementor-element-bc52b3e elementor-widget elementor-widget-image\" data-id=\"bc52b3e\" data-element_type=\"widget\" data-widget_type=\"image.default\">\n\t\t\t\t<div class=\"elementor-widget-container\">\n\t\t\t\t\t\t\t\t\t\t\t\t\t\t\t<img loading=\"lazy\" decoding=\"async\" width=\"750\" height=\"330\" src=\"https:\/\/tropical-hotel.be\/wp-content\/uploads\/2022\/02\/P3110055-2-1024x683-1-750x330.jpg\" class=\"attachment-post-thumbnail-size size-post-thumbnail-size wp-image-7207\" alt=\"Booking\" title=\"\">\t\t\t\t\t\t\t\t\t\t\t\t\t\t\t<\/div>\n\t\t\t\t<\/div>\n\t\t\t\t\t<\/div>\n\t\t<\/div>\n\t\t\t\t<div class=\"elementor-column elementor-col-25 elementor-top-column elementor-element elementor-element-96a4aa3\" data-id=\"96a4aa3\" data-element_type=\"column\">\n\t\t\t<div class=\"elementor-widget-wrap elementor-element-populated\">\n\t\t\t\t\t\t<div class=\"elementor-element elementor-element-c0860bd elementor-widget elementor-widget-image\" data-id=\"c0860bd\" data-element_type=\"widget\" data-widget_type=\"image.default\">\n\t\t\t\t<div class=\"elementor-widget-container\">\n\t\t\t\t\t\t\t\t\t\t\t\t\t\t\t<img loading=\"lazy\" decoding=\"async\" width=\"750\" height=\"330\" src=\"https:\/\/tropical-hotel.be\/wp-content\/uploads\/2022\/02\/ebJoHjKI-768x1024-1-750x330.jpeg\" class=\"attachment-post-thumbnail-size size-post-thumbnail-size wp-image-7198\" alt=\"Booking\" title=\"\">\t\t\t\t\t\t\t\t\t\t\t\t\t\t\t<\/div>\n\t\t\t\t<\/div>\n\t\t\t\t\t<\/div>\n\t\t<\/div>\n\t\t\t\t\t<\/div>\n\t\t<\/section>\n\t\t\t\t<\/div>\n\t\t","protected":false},"excerpt":{"rendered":"<p>Unser Restaurant Kokejane bietet Ihnen ein Gourmet-Men\u00fc, das von unserem Chefkoch Alexandre zusammengestellt wurde. Gourmet-Men\u00fc *Unsere Men\u00fcs werden von unserem Chefkoch Alexandre je nach Tagesangebot zusammengestellt. Carpaccio vom Rind, Tartufata, Rucola, Tr\u00fcffel und Parmesan &#8211; Rundscarpaccio tartufata, ruccuola, truffel en parmezaan * * *Iberisches Ferkelfilet auf Ardenner Art &#8211; Spaans speenvarkenfilet op Ardeense wijze* *&#8230; <\/p>\n<div class=\"clear\"><\/div>\n<p><a href=\"https:\/\/tropical-hotel.be\/de\/gourmet-menue\/\" class=\"excerpt-read-more\">Continue Reading<i class=\"fa fa-long-arrow-right icon-long-arrow-right\"><\/i><\/a><\/p>\n","protected":false},"author":1,"featured_media":0,"parent":0,"menu_order":0,"comment_status":"closed","ping_status":"closed","template":"","meta":{"footnotes":""},"class_list":["post-13570","page","type-page","status-publish","hentry"],"_links":{"self":[{"href":"https:\/\/tropical-hotel.be\/de\/wp-json\/wp\/v2\/pages\/13570","targetHints":{"allow":["GET"]}}],"collection":[{"href":"https:\/\/tropical-hotel.be\/de\/wp-json\/wp\/v2\/pages"}],"about":[{"href":"https:\/\/tropical-hotel.be\/de\/wp-json\/wp\/v2\/types\/page"}],"author":[{"embeddable":true,"href":"https:\/\/tropical-hotel.be\/de\/wp-json\/wp\/v2\/users\/1"}],"replies":[{"embeddable":true,"href":"https:\/\/tropical-hotel.be\/de\/wp-json\/wp\/v2\/comments?post=13570"}],"version-history":[{"count":6,"href":"https:\/\/tropical-hotel.be\/de\/wp-json\/wp\/v2\/pages\/13570\/revisions"}],"predecessor-version":[{"id":16772,"href":"https:\/\/tropical-hotel.be\/de\/wp-json\/wp\/v2\/pages\/13570\/revisions\/16772"}],"wp:attachment":[{"href":"https:\/\/tropical-hotel.be\/de\/wp-json\/wp\/v2\/media?parent=13570"}],"curies":[{"name":"wp","href":"https:\/\/api.w.org\/{rel}","templated":true}]}}