{"id":13351,"date":"2022-02-22T13:37:56","date_gmt":"2022-02-22T11:37:56","guid":{"rendered":"https:\/\/tropical-hotel.be\/tagesmenue\/"},"modified":"2025-04-24T20:59:07","modified_gmt":"2025-04-24T18:59:07","slug":"tagesmenue","status":"publish","type":"page","link":"https:\/\/tropical-hotel.be\/de\/tagesmenue\/","title":{"rendered":"Tagesmen\u00fc"},"content":{"rendered":"\t\t<div data-elementor-type=\"wp-page\" data-elementor-id=\"13351\" class=\"elementor elementor-13351 elementor-5395\" data-elementor-post-type=\"page\">\n\t\t\t\t\t\t<section class=\"elementor-section elementor-top-section elementor-element elementor-element-10ecba8 elementor-section-full_width elementor-section-stretched elementor-section-height-default elementor-section-height-default\" data-id=\"10ecba8\" data-element_type=\"section\" data-settings=\"{&quot;stretch_section&quot;:&quot;section-stretched&quot;}\">\n\t\t\t\t\t\t<div class=\"elementor-container elementor-column-gap-default\">\n\t\t\t\t\t<div class=\"elementor-column elementor-col-100 elementor-top-column elementor-element elementor-element-021e688\" data-id=\"021e688\" data-element_type=\"column\">\n\t\t\t<div class=\"elementor-widget-wrap elementor-element-populated\">\n\t\t\t\t\t\t<div class=\"elementor-element elementor-element-9f074e9 elementor-widget elementor-widget-text-editor\" data-id=\"9f074e9\" data-element_type=\"widget\" data-widget_type=\"text-editor.default\">\n\t\t\t\t<div class=\"elementor-widget-container\">\n\t\t\t\t\t\t\t\t\t<p>Unser Restaurant Kokejane bietet Ihnen t\u00e4glich ein Tagesmen\u00fc, das von unserem Chefkoch Alexandre zusammengestellt wurde.<\/p><p>Das Tagesmen\u00fc besteht aus einer Vorspeise, einem Hauptgericht und einem Dessert und auch Alternativen.<\/p>\t\t\t\t\t\t\t\t<\/div>\n\t\t\t\t<\/div>\n\t\t\t\t\t<\/div>\n\t\t<\/div>\n\t\t\t\t\t<\/div>\n\t\t<\/section>\n\t\t\t\t<section class=\"elementor-section elementor-top-section elementor-element elementor-element-4776cf1 elementor-section-full_width elementor-section-height-default elementor-section-height-default\" data-id=\"4776cf1\" data-element_type=\"section\">\n\t\t\t\t\t\t<div class=\"elementor-container elementor-column-gap-default\">\n\t\t\t\t\t<div class=\"elementor-column elementor-col-16 elementor-top-column elementor-element elementor-element-2af5e2c\" data-id=\"2af5e2c\" data-element_type=\"column\">\n\t\t\t<div class=\"elementor-widget-wrap\">\n\t\t\t\t\t\t\t<\/div>\n\t\t<\/div>\n\t\t\t\t<div class=\"elementor-column elementor-col-66 elementor-top-column elementor-element elementor-element-839329d\" data-id=\"839329d\" data-element_type=\"column\">\n\t\t\t<div class=\"elementor-widget-wrap elementor-element-populated\">\n\t\t\t\t\t\t<div class=\"elementor-element elementor-element-8bc0884 elementor-widget elementor-widget-heading\" data-id=\"8bc0884\" data-element_type=\"widget\" data-widget_type=\"heading.default\">\n\t\t\t\t<div class=\"elementor-widget-container\">\n\t\t\t\t\t<h2 class=\"elementor-heading-title elementor-size-default\">Tagesmen\u00fc - 3 G\u00e4nge<\/h2>\t\t\t\t<\/div>\n\t\t\t\t<\/div>\n\t\t\t\t<div class=\"elementor-element elementor-element-04d93ea elementor-widget elementor-widget-text-editor\" data-id=\"04d93ea\" data-element_type=\"widget\" data-widget_type=\"text-editor.default\">\n\t\t\t\t<div class=\"elementor-widget-container\">\n\t\t\t\t\t\t\t\t\t<p>*Unsere Men\u00fcs werden von unserem Chefkoch Alexandre je nach Tagesangebot zusammengestellt.<\/p>\t\t\t\t\t\t\t\t<\/div>\n\t\t\t\t<\/div>\n\t\t\t\t\t<\/div>\n\t\t<\/div>\n\t\t\t\t<div class=\"elementor-column elementor-col-16 elementor-top-column elementor-element elementor-element-4b5c232\" data-id=\"4b5c232\" data-element_type=\"column\">\n\t\t\t<div class=\"elementor-widget-wrap\">\n\t\t\t\t\t\t\t<\/div>\n\t\t<\/div>\n\t\t\t\t\t<\/div>\n\t\t<\/section>\n\t\t\t\t<section class=\"elementor-section elementor-top-section elementor-element elementor-element-c887465 elementor-section-boxed elementor-section-height-default elementor-section-height-default\" data-id=\"c887465\" data-element_type=\"section\">\n\t\t\t\t\t\t<div class=\"elementor-container elementor-column-gap-default\">\n\t\t\t\t\t<div class=\"elementor-column elementor-col-100 elementor-top-column elementor-element elementor-element-db072c0\" data-id=\"db072c0\" data-element_type=\"column\">\n\t\t\t<div class=\"elementor-widget-wrap elementor-element-populated\">\n\t\t\t\t\t\t<div class=\"elementor-element elementor-element-f9ba85d elementor-widget elementor-widget-heading\" data-id=\"f9ba85d\" data-element_type=\"widget\" data-widget_type=\"heading.default\">\n\t\t\t\t<div class=\"elementor-widget-container\">\n\t\t\t\t\t<h2 class=\"elementor-heading-title elementor-size-default\">Restaurant Kokejane in Durbuy<\/h2>\t\t\t\t<\/div>\n\t\t\t\t<\/div>\n\t\t\t\t<div class=\"elementor-element elementor-element-48a580a elementor-widget-divider--view-line elementor-widget elementor-widget-divider\" data-id=\"48a580a\" data-element_type=\"widget\" data-widget_type=\"divider.default\">\n\t\t\t\t<div class=\"elementor-widget-container\">\n\t\t\t\t\t\t\t<div class=\"elementor-divider\">\n\t\t\t<span class=\"elementor-divider-separator\">\n\t\t\t\t\t\t<\/span>\n\t\t<\/div>\n\t\t\t\t\t\t<\/div>\n\t\t\t\t<\/div>\n\t\t\t\t\t<\/div>\n\t\t<\/div>\n\t\t\t\t\t<\/div>\n\t\t<\/section>\n\t\t\t\t<section class=\"elementor-section elementor-top-section elementor-element elementor-element-12e007b elementor-section-boxed elementor-section-height-default elementor-section-height-default\" data-id=\"12e007b\" data-element_type=\"section\">\n\t\t\t\t\t\t<div class=\"elementor-container elementor-column-gap-default\">\n\t\t\t\t\t<div class=\"elementor-column elementor-col-100 elementor-top-column elementor-element elementor-element-181a5ff\" data-id=\"181a5ff\" data-element_type=\"column\">\n\t\t\t<div class=\"elementor-widget-wrap elementor-element-populated\">\n\t\t\t\t\t\t<div class=\"elementor-element elementor-element-b7fee1c elementor-widget elementor-widget-shortcode\" data-id=\"b7fee1c\" data-element_type=\"widget\" data-widget_type=\"shortcode.default\">\n\t\t\t\t<div class=\"elementor-widget-container\">\n\t\t\t\t\t\t\t<div class=\"elementor-shortcode\"><div style=\"text-align:center;margin:20px 0;\">\n            <iframe src=\"https:\/\/docs.google.com\/gview?embedded=true&#038;url=https%3A%2F%2Ftropical-hotel.be%2Fwp-content%2Fuploads%2F2026%2F04%2FMenu-23-avril-2026.doc\" style=\"width:100%;height:1200px;border:none;\"><\/iframe>\n        <\/div>\n<\/div>\n\t\t\t\t\t\t<\/div>\n\t\t\t\t<\/div>\n\t\t\t\t<div class=\"elementor-element elementor-element-f7875cb elementor-hidden-desktop elementor-hidden-tablet elementor-hidden-mobile elementor-widget elementor-widget-heading\" data-id=\"f7875cb\" data-element_type=\"widget\" data-widget_type=\"heading.default\">\n\t\t\t\t<div class=\"elementor-widget-container\">\n\t\t\t\t\t<h4 class=\"elementor-heading-title elementor-size-default\">Carpaccio vom Rind, Tartufata, Rucola, Tr\u00fcffel und Parmesan -\nRundscarpaccio tartufata, ruccuola, truffel en parmezaan\n<\/br><\/br>* * *<\/br><\/br>Iberisches Ferkelfilet auf Ardenner Art - Spaans speenvarkenfilet op Ardeense wijze<\/br><\/br>* * *<\/br><\/br>Ananas Corazon\n\nOder \/ Of\n\nTeller mit hausgemachtem gereiftem K\u00e4se - Bord huisgerijpte kazen\n<\/br><\/br>* * *<\/br><\/br><\/h4>\t\t\t\t<\/div>\n\t\t\t\t<\/div>\n\t\t\t\t<div class=\"elementor-element elementor-element-590419b elementor-hidden-desktop elementor-hidden-tablet elementor-hidden-mobile elementor-widget elementor-widget-heading\" data-id=\"590419b\" data-element_type=\"widget\" data-widget_type=\"heading.default\">\n\t\t\t\t<div class=\"elementor-widget-container\">\n\t\t\t\t\t<h4 class=\"elementor-heading-title elementor-size-default\">Alternativgericht - Alternatief hoofdgerecht\n<\/br><\/br> * * * *<\/br><\/br><\/h4>\t\t\t\t<\/div>\n\t\t\t\t<\/div>\n\t\t\t\t<div class=\"elementor-element elementor-element-f1e75cb elementor-hidden-desktop elementor-hidden-tablet elementor-hidden-mobile elementor-widget elementor-widget-heading\" data-id=\"f1e75cb\" data-element_type=\"widget\" data-widget_type=\"heading.default\">\n\t\t\t\t<div class=\"elementor-widget-container\">\n\t\t\t\t\t<h4 class=\"elementor-heading-title elementor-size-default\">Schottischer Lachsr\u00fccken mit \u00c4pfeln - Schotse zalmrug met appelen\n<\/br><\/br>* * *<\/br><\/br>Frische Nudeln Carbonara \/ Italienisch \/ mit Lachs \/ vegetarisch - Verse pasta carbonara \/ Italiaanse wijze \/ zalm \/ vegetarisch\n\n<\/br><\/br>* * *<\/br><\/br>Hamburger, Pommes frites, Salat<\/br><\/br>* * *<\/br><\/br><\/h4>\t\t\t\t<\/div>\n\t\t\t\t<\/div>\n\t\t\t\t<div class=\"elementor-element elementor-element-fa7c217 elementor-hidden-desktop elementor-hidden-tablet elementor-hidden-mobile elementor-widget elementor-widget-heading\" data-id=\"fa7c217\" data-element_type=\"widget\" data-widget_type=\"heading.default\">\n\t\t\t\t<div class=\"elementor-widget-container\">\n\t\t\t\t\t<h4 class=\"elementor-heading-title elementor-size-default\">Bitte reservieren Sie Ihren Tisch vor 17 Uhr - Gelieve uw tafel te reserveren voor 17u\n<\/br><\/br> * * *<\/br><\/br><\/h4>\t\t\t\t<\/div>\n\t\t\t\t<\/div>\n\t\t\t\t\t<\/div>\n\t\t<\/div>\n\t\t\t\t\t<\/div>\n\t\t<\/section>\n\t\t\t\t<section class=\"elementor-section elementor-top-section elementor-element elementor-element-f2813a6 elementor-section-full_width elementor-section-stretched elementor-section-height-default elementor-section-height-default\" data-id=\"f2813a6\" data-element_type=\"section\" data-settings=\"{&quot;stretch_section&quot;:&quot;section-stretched&quot;}\">\n\t\t\t\t\t\t<div class=\"elementor-container elementor-column-gap-default\">\n\t\t\t\t\t<div class=\"elementor-column elementor-col-33 elementor-top-column elementor-element elementor-element-5ac9bd2\" data-id=\"5ac9bd2\" data-element_type=\"column\">\n\t\t\t<div class=\"elementor-widget-wrap elementor-element-populated\">\n\t\t\t\t\t\t<div class=\"elementor-element elementor-element-e8fcc48 elementor-widget elementor-widget-image\" data-id=\"e8fcc48\" data-element_type=\"widget\" data-widget_type=\"image.default\">\n\t\t\t\t<div class=\"elementor-widget-container\">\n\t\t\t\t\t\t\t\t\t\t\t\t\t\t\t<img fetchpriority=\"high\" decoding=\"async\" width=\"400\" height=\"400\" src=\"https:\/\/tropical-hotel.be\/wp-content\/uploads\/2019\/08\/1526762_737462103035067_1443971437944627204_n-400x400.jpg\" class=\"attachment-round-personnel-size size-round-personnel-size wp-image-5210\" alt=\"Booking\" srcset=\"https:\/\/tropical-hotel.be\/wp-content\/uploads\/2019\/08\/1526762_737462103035067_1443971437944627204_n-400x400.jpg 400w, https:\/\/tropical-hotel.be\/wp-content\/uploads\/2019\/08\/1526762_737462103035067_1443971437944627204_n-150x150.jpg 150w\" sizes=\"(max-width: 400px) 100vw, 400px\" title=\"\">\t\t\t\t\t\t\t\t\t\t\t\t\t\t\t<\/div>\n\t\t\t\t<\/div>\n\t\t\t\t\t<\/div>\n\t\t<\/div>\n\t\t\t\t<div class=\"elementor-column elementor-col-66 elementor-top-column elementor-element elementor-element-6d385fb\" data-id=\"6d385fb\" data-element_type=\"column\">\n\t\t\t<div class=\"elementor-widget-wrap elementor-element-populated\">\n\t\t\t\t\t\t<div class=\"elementor-element elementor-element-30df8b6 elementor-widget elementor-widget-text-editor\" data-id=\"30df8b6\" data-element_type=\"widget\" data-widget_type=\"text-editor.default\">\n\t\t\t\t<div class=\"elementor-widget-container\">\n\t\t\t\t\t\t\t\t\t<p>Unser Restaurant Kokejane mit Blick auf den tropischen Garten pr\u00e4sentiert Ihnen im Rhythmus der Jahreszeiten und je nach Marktlage eine feine franz\u00f6sische K\u00fcche.<\/p><p>Hier k\u00f6nnen Sie eine Vielzahl von raffinierten Gerichten genie\u00dfen, von denen eines k\u00f6stlicher als das andere ist. Entdecken Sie unsere <a href=\"https:\/\/tropical-hotel.be\/restaurant-durbuy\/nos-menus-7.html\">Men\u00fcs<\/a>.<\/p><p>Fragen Sie uns nach einem ma\u00dfgeschneiderten Angebot f\u00fcr Ihre Bankette, Versammlungen, Taufen, Kommunionen, Geburtstage, &#8230;<\/p><p>Unser Restaurant bietet Platz f\u00fcr bis zu 120 Personen f\u00fcr Ihre Bankette, Feiern,&#8230;<\/p>\t\t\t\t\t\t\t\t<\/div>\n\t\t\t\t<\/div>\n\t\t\t\t\t<\/div>\n\t\t<\/div>\n\t\t\t\t\t<\/div>\n\t\t<\/section>\n\t\t\t\t<section class=\"elementor-section elementor-top-section elementor-element elementor-element-bf5762b elementor-section-stretched elementor-section-boxed elementor-section-height-default elementor-section-height-default\" data-id=\"bf5762b\" data-element_type=\"section\" data-settings=\"{&quot;stretch_section&quot;:&quot;section-stretched&quot;}\">\n\t\t\t\t\t\t<div class=\"elementor-container elementor-column-gap-default\">\n\t\t\t\t\t<div class=\"elementor-column elementor-col-100 elementor-top-column elementor-element elementor-element-b69a10a\" data-id=\"b69a10a\" data-element_type=\"column\">\n\t\t\t<div class=\"elementor-widget-wrap elementor-element-populated\">\n\t\t\t\t\t\t<div class=\"elementor-element elementor-element-a70ce35 elementor-widget elementor-widget-heading\" data-id=\"a70ce35\" data-element_type=\"widget\" data-widget_type=\"heading.default\">\n\t\t\t\t<div class=\"elementor-widget-container\">\n\t\t\t\t\t<h2 class=\"elementor-heading-title elementor-size-default\">Men\u00fc von Chefkoch Alexandre<\/h2>\t\t\t\t<\/div>\n\t\t\t\t<\/div>\n\t\t\t\t<div class=\"elementor-element elementor-element-3fc2225 elementor-widget-divider--view-line elementor-widget elementor-widget-divider\" data-id=\"3fc2225\" data-element_type=\"widget\" data-widget_type=\"divider.default\">\n\t\t\t\t<div class=\"elementor-widget-container\">\n\t\t\t\t\t\t\t<div class=\"elementor-divider\">\n\t\t\t<span class=\"elementor-divider-separator\">\n\t\t\t\t\t\t<\/span>\n\t\t<\/div>\n\t\t\t\t\t\t<\/div>\n\t\t\t\t<\/div>\n\t\t\t\t<div class=\"elementor-element elementor-element-5f715f8 elementor-widget elementor-widget-text-editor\" data-id=\"5f715f8\" data-element_type=\"widget\" data-widget_type=\"text-editor.default\">\n\t\t\t\t<div class=\"elementor-widget-container\">\n\t\t\t\t\t\t\t\t\t<p>Entdecken Sie das Tagesmen\u00fc des Restaurants Kokejane, das sich im Herzen des Tropical H\u00f4tel in Durbuy befindet. Unser talentierter K\u00fcchenchef, Alexandre Willems, w\u00e4hlt jeden Tag die besten frischen und saisonalen Zutaten aus, um Ihnen ein einzigartiges und raffiniertes kulinarisches Erlebnis zu bieten.<\/p><h3>Eintr\u00e4ge<\/h3><p>Unsere Vorspeisen variieren t\u00e4glich, um Sie bei jedem Besuch zu \u00fcberraschen. Ob Sie nun Meeresfr\u00fcchte, knackiges Gem\u00fcse oder feine Suppen m\u00f6gen, Sie werden immer eine schmackhafte Vorspeise finden, die Ihre Geschmacksnerven anregen wird. Lassen Sie sich von unseren einfallsreichen Kreationen verf\u00fchren, die mit Sorgfalt zubereitet werden, um die Essenz jeder Zutat zu erfassen.<\/p><h3>Hauptgerichte<\/h3><p>Die Hauptgerichte des Tagesmen\u00fcs sind so zusammengestellt, dass sie alle W\u00fcnsche erf\u00fcllen. Unser K\u00fcchenchef bietet Ihnen eine abwechslungsreiche Auswahl an Fleisch, Fisch und vegetarischen Optionen, die alle mit Leidenschaft und Fachwissen zubereitet werden. Jedes Gericht ist ein perfektes Gleichgewicht von Geschmack, Textur und k\u00fcnstlerischer Pr\u00e4sentation. Ob es sich um ein w\u00e4rmendes Gericht oder eine gastronomische Delikatesse handelt, jede Wahl ist eine Einladung zur Entdeckung.<\/p><h3>Desserts<\/h3><p>Beenden Sie Ihre Mahlzeit mit unseren Tagesdesserts, die eine s\u00fc\u00dfe Note in Ihr kulinarisches Erlebnis bringen. Von neu interpretierten Klassikern bis hin zu s\u00fc\u00dfen Innovationen ist jedes Dessert der perfekte Abschluss eines unvergesslichen Essens im Kokejane Restaurant. Freuen Sie sich auf verlockende Kreationen, die Tradition und Moderne miteinander verbinden.<\/p><h3>Ein einzigartiges kulinarisches Erlebnis<\/h3><p>Das Tagesmen\u00fc im Restaurant Kokejane ist eine Feier der saisonalen K\u00fcche, bei der jeder Besuch ein neues Geschmacksabenteuer ist. Chefkoch Alexandre Willems und sein Team haben es sich zur Aufgabe gemacht, Ihnen Gerichte anzubieten, die mit den besten lokalen Produkten zubereitet werden und somit Frische und Qualit\u00e4t garantieren.<\/p><p>Wir laden Sie ein, die Magie unseres Tagesmen\u00fcs zu entdecken, das Ihre Sinne verw\u00f6hnen und Ihnen unvergessliche Momente im Herzen von Durbuy bescheren wird. Reservieren Sie jetzt Ihren Tisch und lassen Sie sich von der kulinarischen Exzellenz des Restaurants Kokejane im Tropical Hotel verf\u00fchren.<\/p>\t\t\t\t\t\t\t\t<\/div>\n\t\t\t\t<\/div>\n\t\t\t\t\t<\/div>\n\t\t<\/div>\n\t\t\t\t\t<\/div>\n\t\t<\/section>\n\t\t\t\t<section class=\"elementor-section elementor-top-section elementor-element elementor-element-248580b elementor-section-full_width elementor-section-stretched elementor-section-height-default elementor-section-height-default\" data-id=\"248580b\" data-element_type=\"section\" data-settings=\"{&quot;stretch_section&quot;:&quot;section-stretched&quot;}\">\n\t\t\t\t\t\t<div class=\"elementor-container elementor-column-gap-default\">\n\t\t\t\t\t<div class=\"elementor-column elementor-col-25 elementor-top-column elementor-element elementor-element-03ea74d\" data-id=\"03ea74d\" data-element_type=\"column\">\n\t\t\t<div class=\"elementor-widget-wrap elementor-element-populated\">\n\t\t\t\t\t\t<div class=\"elementor-element elementor-element-6e29689 elementor-widget elementor-widget-image\" data-id=\"6e29689\" data-element_type=\"widget\" data-widget_type=\"image.default\">\n\t\t\t\t<div class=\"elementor-widget-container\">\n\t\t\t\t\t\t\t\t\t\t\t\t\t\t\t<img decoding=\"async\" width=\"750\" height=\"330\" src=\"https:\/\/tropical-hotel.be\/wp-content\/uploads\/2022\/04\/10517465_758816554232955_4323176620925520510_n-750x330.jpg\" class=\"attachment-post-thumbnail-size size-post-thumbnail-size wp-image-7363\" alt=\"Booking\" title=\"\">\t\t\t\t\t\t\t\t\t\t\t\t\t\t\t<\/div>\n\t\t\t\t<\/div>\n\t\t\t\t\t<\/div>\n\t\t<\/div>\n\t\t\t\t<div class=\"elementor-column elementor-col-25 elementor-top-column elementor-element elementor-element-d4a68b7\" data-id=\"d4a68b7\" data-element_type=\"column\">\n\t\t\t<div class=\"elementor-widget-wrap elementor-element-populated\">\n\t\t\t\t\t\t<div class=\"elementor-element elementor-element-5074a5d elementor-widget elementor-widget-image\" data-id=\"5074a5d\" data-element_type=\"widget\" data-widget_type=\"image.default\">\n\t\t\t\t<div class=\"elementor-widget-container\">\n\t\t\t\t\t\t\t\t\t\t\t\t\t\t\t<img decoding=\"async\" width=\"750\" height=\"330\" src=\"https:\/\/tropical-hotel.be\/wp-content\/uploads\/2022\/02\/P3110024-2048x1365-1-1024x683-1-750x330.jpg\" class=\"attachment-post-thumbnail-size size-post-thumbnail-size wp-image-7189\" alt=\"Booking\" title=\"\">\t\t\t\t\t\t\t\t\t\t\t\t\t\t\t<\/div>\n\t\t\t\t<\/div>\n\t\t\t\t\t<\/div>\n\t\t<\/div>\n\t\t\t\t<div class=\"elementor-column elementor-col-25 elementor-top-column elementor-element elementor-element-b68db46\" data-id=\"b68db46\" data-element_type=\"column\">\n\t\t\t<div class=\"elementor-widget-wrap elementor-element-populated\">\n\t\t\t\t\t\t<div class=\"elementor-element elementor-element-271baf8 elementor-widget elementor-widget-image\" data-id=\"271baf8\" data-element_type=\"widget\" data-widget_type=\"image.default\">\n\t\t\t\t<div class=\"elementor-widget-container\">\n\t\t\t\t\t\t\t\t\t\t\t\t\t\t\t<img loading=\"lazy\" decoding=\"async\" width=\"750\" height=\"330\" src=\"https:\/\/tropical-hotel.be\/wp-content\/uploads\/2022\/02\/P3110055-2-1024x683-1-750x330.jpg\" class=\"attachment-post-thumbnail-size size-post-thumbnail-size wp-image-7207\" alt=\"Booking\" title=\"\">\t\t\t\t\t\t\t\t\t\t\t\t\t\t\t<\/div>\n\t\t\t\t<\/div>\n\t\t\t\t\t<\/div>\n\t\t<\/div>\n\t\t\t\t<div class=\"elementor-column elementor-col-25 elementor-top-column elementor-element elementor-element-a7513a6\" data-id=\"a7513a6\" data-element_type=\"column\">\n\t\t\t<div class=\"elementor-widget-wrap elementor-element-populated\">\n\t\t\t\t\t\t<div class=\"elementor-element elementor-element-9c94ee3 elementor-widget elementor-widget-image\" data-id=\"9c94ee3\" data-element_type=\"widget\" data-widget_type=\"image.default\">\n\t\t\t\t<div class=\"elementor-widget-container\">\n\t\t\t\t\t\t\t\t\t\t\t\t\t\t\t<img loading=\"lazy\" decoding=\"async\" width=\"750\" height=\"330\" src=\"https:\/\/tropical-hotel.be\/wp-content\/uploads\/2022\/02\/ebJoHjKI-768x1024-1-750x330.jpeg\" class=\"attachment-post-thumbnail-size size-post-thumbnail-size wp-image-7198\" alt=\"Booking\" title=\"\">\t\t\t\t\t\t\t\t\t\t\t\t\t\t\t<\/div>\n\t\t\t\t<\/div>\n\t\t\t\t\t<\/div>\n\t\t<\/div>\n\t\t\t\t\t<\/div>\n\t\t<\/section>\n\t\t\t\t<\/div>\n\t\t","protected":false},"excerpt":{"rendered":"<p>Unser Restaurant Kokejane bietet Ihnen t\u00e4glich ein Tagesmen\u00fc, das von unserem Chefkoch Alexandre zusammengestellt wurde. Das Tagesmen\u00fc besteht aus einer Vorspeise, einem Hauptgericht und einem Dessert und auch Alternativen. Tagesmen\u00fc &#8211; 3 G\u00e4nge *Unsere Men\u00fcs werden von unserem Chefkoch Alexandre je nach Tagesangebot zusammengestellt. Restaurant Kokejane in Durbuy Carpaccio vom Rind, Tartufata, Rucola, Tr\u00fcffel und&#8230; <\/p>\n<div class=\"clear\"><\/div>\n<p><a href=\"https:\/\/tropical-hotel.be\/de\/tagesmenue\/\" class=\"excerpt-read-more\">Continue Reading<i class=\"fa fa-long-arrow-right icon-long-arrow-right\"><\/i><\/a><\/p>\n","protected":false},"author":1,"featured_media":0,"parent":0,"menu_order":0,"comment_status":"closed","ping_status":"closed","template":"","meta":{"footnotes":""},"class_list":["post-13351","page","type-page","status-publish","hentry"],"_links":{"self":[{"href":"https:\/\/tropical-hotel.be\/de\/wp-json\/wp\/v2\/pages\/13351","targetHints":{"allow":["GET"]}}],"collection":[{"href":"https:\/\/tropical-hotel.be\/de\/wp-json\/wp\/v2\/pages"}],"about":[{"href":"https:\/\/tropical-hotel.be\/de\/wp-json\/wp\/v2\/types\/page"}],"author":[{"embeddable":true,"href":"https:\/\/tropical-hotel.be\/de\/wp-json\/wp\/v2\/users\/1"}],"replies":[{"embeddable":true,"href":"https:\/\/tropical-hotel.be\/de\/wp-json\/wp\/v2\/comments?post=13351"}],"version-history":[{"count":10,"href":"https:\/\/tropical-hotel.be\/de\/wp-json\/wp\/v2\/pages\/13351\/revisions"}],"predecessor-version":[{"id":15777,"href":"https:\/\/tropical-hotel.be\/de\/wp-json\/wp\/v2\/pages\/13351\/revisions\/15777"}],"wp:attachment":[{"href":"https:\/\/tropical-hotel.be\/de\/wp-json\/wp\/v2\/media?parent=13351"}],"curies":[{"name":"wp","href":"https:\/\/api.w.org\/{rel}","templated":true}]}}