{"id":13334,"date":"2023-07-06T12:00:52","date_gmt":"2023-07-06T10:00:52","guid":{"rendered":"https:\/\/tropical-hotel.be\/datenschutzrichtlinie\/"},"modified":"2024-06-26T13:45:07","modified_gmt":"2024-06-26T11:45:07","slug":"datenschutzrichtlinie","status":"publish","type":"page","link":"https:\/\/tropical-hotel.be\/de\/datenschutzrichtlinie\/","title":{"rendered":"Datenschutzrichtlinie"},"content":{"rendered":"\t\t<div data-elementor-type=\"wp-page\" data-elementor-id=\"13334\" class=\"elementor elementor-13334 elementor-10897\" data-elementor-post-type=\"page\">\n\t\t\t\t\t\t<section class=\"elementor-section elementor-top-section elementor-element elementor-element-dcf77a1 elementor-section-boxed elementor-section-height-default elementor-section-height-default\" data-id=\"dcf77a1\" data-element_type=\"section\">\n\t\t\t\t\t\t<div class=\"elementor-container elementor-column-gap-default\">\n\t\t\t\t\t<div class=\"elementor-column elementor-col-100 elementor-top-column elementor-element elementor-element-182d8f7\" data-id=\"182d8f7\" data-element_type=\"column\">\n\t\t\t<div class=\"elementor-widget-wrap elementor-element-populated\">\n\t\t\t\t\t\t<div class=\"elementor-element elementor-element-d79f227 elementor-widget elementor-widget-text-editor\" data-id=\"d79f227\" data-element_type=\"widget\" data-widget_type=\"text-editor.default\">\n\t\t\t\t<div class=\"elementor-widget-container\">\n\t\t\t\t\t\t\t\t\t<p>Diese Datenschutzrichtlinie regelt die Art und Weise, wie Tropical Hotel die pers\u00f6nlichen Informationen der Nutzer (im Folgenden &#8222;Sie&#8220; oder &#8222;Nutzer&#8220;) bei der Nutzung der Website tropical-hotel.be (im Folgenden &#8222;die Website&#8220;) sammelt, nutzt, offenlegt und sch\u00fctzt.<\/p>\n<h2>Sammlung von pers\u00f6nlichen Informationen<\/h2>\n<p>Wenn Sie auf unserer Website surfen, k\u00f6nnen wir bestimmte pers\u00f6nliche Informationen \u00fcber Sie sammeln, wie z.B. Ihren Namen, Ihre E-Mail-Adresse, Ihre Telefonnummer und Ihre Postanschrift. Diese Informationen k\u00f6nnen gesammelt werden, wenn Sie einen Aufenthalt buchen, ein Kontaktformular ausf\u00fcllen, unseren Newsletter abonnieren oder mit den Funktionen der Website interagieren.<\/p>\n<h2>Nutzung pers\u00f6nlicher Informationen<\/h2>\n<p>Wir verwenden die pers\u00f6nlichen Informationen, die Sie uns zur Verf\u00fcgung stellen, f\u00fcr die folgenden Zwecke:<\/p>\n<ol>\n<li>Buchungsverwaltung: Wir verwenden Ihre Informationen, um Ihre Buchungen zu bearbeiten und zu best\u00e4tigen, mit Ihnen \u00fcber Ihren Aufenthalt zu kommunizieren und Ihnen die gew\u00fcnschten Dienstleistungen zu erbringen.<\/li>\n<li>Verbesserung unserer Dienstleistungen: Ihre Kommentare und Vorschl\u00e4ge helfen uns, unsere Dienstleistungen kontinuierlich zu verbessern. Wir k\u00f6nnen Ihre Informationen nutzen, um Trends zu analysieren, Marktforschung zu betreiben und Umfragen zur Kundenzufriedenheit durchzuf\u00fchren.<\/li>\n<li>Marketingkommunikation: Wenn Sie dem Erhalt von Marketingkommunikation von uns zugestimmt haben, k\u00f6nnen wir Ihre Daten verwenden, um Ihnen Sonderangebote, Werbeaktionen oder Informationen \u00fcber unsere Dienstleistungen zu senden.<\/li>\n<\/ol>\n<h2>Offenlegung von pers\u00f6nlichen Informationen<\/h2>\n<p>Wir verkaufen, tauschen oder vermieten Ihre pers\u00f6nlichen Daten nicht an Dritte, au\u00dfer in den folgenden F\u00e4llen:<\/p>\n<ol>\n<li>Vertrauensw\u00fcrdige Partner: Wir k\u00f6nnen Ihre Daten an vertrauensw\u00fcrdige Partner weitergeben, die uns bei der Erbringung unserer Dienstleistungen helfen, wie z.B. Reiseb\u00fcros oder Zahlungsdienstleister. Diese Dritten sind verpflichtet, Ihre Informationen in \u00dcbereinstimmung mit unseren Richtlinien und den geltenden Datenschutzgesetzen zu sch\u00fctzen.<\/li>\n<li>Rechtliche Verpflichtungen: Wir k\u00f6nnen verpflichtet sein, Ihre pers\u00f6nlichen Daten im Rahmen eines Rechtsverfahrens, einer Anfrage einer Regierungsbeh\u00f6rde oder zur Einhaltung eines anwendbaren Gesetzes offenzulegen.<\/li>\n<\/ol>\n<h2>Sicherheit der Informationen<\/h2>\n<p>Wir setzen angemessene Sicherheitsma\u00dfnahmen ein, um Ihre pers\u00f6nlichen Daten vor unbefugtem Zugriff, \u00c4nderung, Offenlegung oder Zerst\u00f6rung zu sch\u00fctzen. Bitte beachten Sie jedoch, dass keine Methode der \u00dcbertragung \u00fcber das Internet oder der elektronischen Speicherung v\u00f6llig sicher ist. Wir k\u00f6nnen daher nicht f\u00fcr die absolute Sicherheit Ihrer Informationen garantieren.<\/p>\n<h2>Ihre Rechte in Bezug auf den Datenschutz<\/h2>\n<p>Sie haben das Recht, auf Ihre pers\u00f6nlichen Daten zuzugreifen, sie zu korrigieren, zu l\u00f6schen oder ihre Verarbeitung einzuschr\u00e4nken. Sie k\u00f6nnen auch der Verwendung Ihrer Daten f\u00fcr Direktmarketingzwecke widersprechen. Um diese Rechte auszu\u00fcben, kontaktieren Sie uns bitte \u00fcber die unten auf dieser Seite angegebenen Kontaktdaten.<\/p>\n<h2>Cookies<\/h2>\n<p>Die Website verwendet Cookies, um Ihr Surferlebnis zu verbessern. Cookies sind kleine Textdateien, die auf Ihrem Computer oder mobilen Ger\u00e4t gespeichert werden, wenn Sie unsere Website besuchen. Sie helfen uns dabei, Verkehrsmuster zu analysieren, Inhalte zu personalisieren und Ihnen eine benutzerfreundlichere Erfahrung zu bieten. Sie k\u00f6nnen Ihren Browser so einstellen, dass er Cookies ablehnt oder Sie benachrichtigt, wenn Cookies gesendet werden. Bitte beachten Sie, dass einige Funktionen der Website m\u00f6glicherweise nicht richtig funktionieren, wenn Cookies deaktiviert sind.<\/p>\n<h2>Links zu Websites von Dritten<\/h2>\n<p>Die Webseite kann Links zu Webseiten Dritter enthalten. Wir sind nicht verantwortlich f\u00fcr die Datenschutzpraktiken oder den Inhalt dieser Websites. Wir empfehlen Ihnen, die Datenschutzrichtlinien dieser Websites Dritter zu lesen, bevor Sie Ihre pers\u00f6nlichen Daten angeben.<\/p>\n<h2>\u00c4nderung der Datenschutzpolitik<\/h2>\n<p>Wir behalten uns das Recht vor, diese Datenschutzrichtlinie jederzeit zu \u00e4ndern. Alle \u00c4nderungen werden auf dieser Seite mit einem aktualisierten Datum ver\u00f6ffentlicht. Bitte besuchen Sie diese Seite regelm\u00e4\u00dfig, um sich \u00fcber m\u00f6gliche \u00c4nderungen zu informieren.<\/p>\n<h2>Kontaktieren Sie uns<\/h2>\n<p>Wenn Sie Fragen, Bedenken oder Anfragen bez\u00fcglich unserer Datenschutzrichtlinie haben, kontaktieren Sie uns bitte unter der folgenden Adresse:<\/p>\n<address>Tropical Hotel<br \/><a href=\"https:\/\/www.google.com\/maps\/place\/Tropical+Hotel\/@50.3456348,5.4642062,17z\/data=!3m1!4b1!4m8!3m7!1s0x47c04e55e9460ebd:0x10f66a5d6527e85d!5m2!4m1!1i2!8m2!3d50.3455685!4d5.4663829\" target=\"_blank\" rel=\"noopener\"><a href=\"https:\/\/www.google.com\/maps\/place\/Tropical+Hotel\/@50.3456348,5.4642062,17z\/data=!3m1!4b1!4m8!3m7!1s0x47c04e55e9460ebd:0x10f66a5d6527e85d!5m2!4m1!1i2!8m2!3d50.3455685!4d5.4663829\" target=\"_blank\" rel=\"noopener\">Adresse: 41 rue des Comtes du Luxembourg, 6940 Durbuy &#8211; Belgien<\/a><\/a><br \/>Telefon: <a href=\"tel:+3286213995\">+32 (0)86 213 995<\/a><br \/>E-Mail: <a href=\"mailto:info@tropical-hotel.be\">info@tropical-hotel.be<\/a><\/address>\n<p>Durch die Nutzung unserer Website erkl\u00e4ren Sie sich mit den Bedingungen dieser Datenschutzrichtlinie einverstanden.<\/p>\n<p>Letzte Aktualisierung: 6. Juli 2023<\/p>\n\t\t\t\t\t\t\t\t<\/div>\n\t\t\t\t<\/div>\n\t\t\t\t\t<\/div>\n\t\t<\/div>\n\t\t\t\t\t<\/div>\n\t\t<\/section>\n\t\t\t\t<\/div>\n\t\t","protected":false},"excerpt":{"rendered":"<p>Diese Datenschutzrichtlinie regelt die Art und Weise, wie Tropical Hotel die pers\u00f6nlichen Informationen der Nutzer (im Folgenden &#8222;Sie&#8220; oder &#8222;Nutzer&#8220;) bei der Nutzung der Website tropical-hotel.be (im Folgenden &#8222;die Website&#8220;) sammelt, nutzt, offenlegt und sch\u00fctzt. Sammlung von pers\u00f6nlichen Informationen Wenn Sie auf unserer Website surfen, k\u00f6nnen wir bestimmte pers\u00f6nliche Informationen \u00fcber Sie sammeln, wie z.B&#8230;. <\/p>\n<div class=\"clear\"><\/div>\n<p><a href=\"https:\/\/tropical-hotel.be\/de\/datenschutzrichtlinie\/\" class=\"excerpt-read-more\">Continue Reading<i class=\"fa fa-long-arrow-right icon-long-arrow-right\"><\/i><\/a><\/p>\n","protected":false},"author":1,"featured_media":0,"parent":0,"menu_order":0,"comment_status":"closed","ping_status":"closed","template":"","meta":{"footnotes":""},"class_list":["post-13334","page","type-page","status-publish","hentry"],"_links":{"self":[{"href":"https:\/\/tropical-hotel.be\/de\/wp-json\/wp\/v2\/pages\/13334","targetHints":{"allow":["GET"]}}],"collection":[{"href":"https:\/\/tropical-hotel.be\/de\/wp-json\/wp\/v2\/pages"}],"about":[{"href":"https:\/\/tropical-hotel.be\/de\/wp-json\/wp\/v2\/types\/page"}],"author":[{"embeddable":true,"href":"https:\/\/tropical-hotel.be\/de\/wp-json\/wp\/v2\/users\/1"}],"replies":[{"embeddable":true,"href":"https:\/\/tropical-hotel.be\/de\/wp-json\/wp\/v2\/comments?post=13334"}],"version-history":[{"count":2,"href":"https:\/\/tropical-hotel.be\/de\/wp-json\/wp\/v2\/pages\/13334\/revisions"}],"predecessor-version":[{"id":13337,"href":"https:\/\/tropical-hotel.be\/de\/wp-json\/wp\/v2\/pages\/13334\/revisions\/13337"}],"wp:attachment":[{"href":"https:\/\/tropical-hotel.be\/de\/wp-json\/wp\/v2\/media?parent=13334"}],"curies":[{"name":"wp","href":"https:\/\/api.w.org\/{rel}","templated":true}]}}