{"id":13323,"date":"2023-04-08T11:14:01","date_gmt":"2023-04-08T09:14:01","guid":{"rendered":"https:\/\/tropical-hotel.be\/ostermenue\/"},"modified":"2026-03-31T15:05:57","modified_gmt":"2026-03-31T13:05:57","slug":"ostermenue","status":"publish","type":"page","link":"https:\/\/tropical-hotel.be\/de\/ostermenue\/","title":{"rendered":"Ostermen\u00fc"},"content":{"rendered":"\t\t<div data-elementor-type=\"wp-page\" data-elementor-id=\"13323\" class=\"elementor elementor-13323 elementor-10164\" data-elementor-post-type=\"page\">\n\t\t\t\t\t\t<section class=\"elementor-section elementor-top-section elementor-element elementor-element-fd280a0 elementor-section-stretched elementor-section-boxed elementor-section-height-default elementor-section-height-default\" data-id=\"fd280a0\" data-element_type=\"section\" data-settings=\"{&quot;stretch_section&quot;:&quot;section-stretched&quot;}\">\n\t\t\t\t\t\t<div class=\"elementor-container elementor-column-gap-default\">\n\t\t\t\t\t<div class=\"elementor-column elementor-col-100 elementor-top-column elementor-element elementor-element-32727f4\" data-id=\"32727f4\" data-element_type=\"column\">\n\t\t\t<div class=\"elementor-widget-wrap elementor-element-populated\">\n\t\t\t\t\t\t<div class=\"elementor-element elementor-element-f0648e7 elementor-widget elementor-widget-text-editor\" data-id=\"f0648e7\" data-element_type=\"widget\" data-widget_type=\"text-editor.default\">\n\t\t\t\t<div class=\"elementor-widget-container\">\n\t\t\t\t\t\t\t\t\t<p>Entdecken Sie das Ostermen\u00fc des Restaurants Kokejane im Herzen des Tropical H\u00f4tel in Durbuy. F\u00fcr dieses besondere Fest hat unser Chefkoch ein au\u00dfergew\u00f6hnliches Men\u00fc zusammengestellt, das den Gaumen des Feinschmeckers verw\u00f6hnen wird. Genie\u00dfen Sie k\u00f6stliche Vorspeisen, raffinierte Hauptgerichte und k\u00f6stliche Desserts, die alle mit frischen und saisonalen Zutaten zubereitet werden.<\/p><p>Unser Ostermen\u00fc bietet eine Auswahl an schmackhaften Vorspeisen, gefolgt von Hauptgerichten mit hochwertigem Fleisch und Fisch, begleitet von Gem\u00fcse der Saison und delikaten Saucen. Beenden Sie Ihre Mahlzeit mit unseren Osterdesserts, unwiderstehlichen s\u00fc\u00dfen Kreationen.<\/p><p>Das Restaurant Kokejane ist bestrebt, Ihnen ein unvergessliches kulinarisches Erlebnis zu bieten. Jedes Gericht wird mit Leidenschaft und Liebe zum Detail zubereitet, um Ihnen und Ihren Lieben ein festliches und k\u00f6stliches Mahl zu garantieren.<\/p><p>Genie\u00dfen Sie die warme und einladende Atmosph\u00e4re unseres Restaurants, das ideal im Tropical Hotel in Durbuy gelegen ist. Ob es sich um ein Osteressen mit der Familie, ein romantisches Abendessen oder eine Feier mit Freunden handelt, unser Team steht bereit, um Ihnen einen perfekten Service zu bieten.<\/p><p>Reservieren Sie jetzt Ihren Tisch und genie\u00dfen Sie unser Ostermen\u00fc. Feiern Sie dieses Fest im Restaurant Kokejane und erleben Sie ein unvergessliches gastronomisches Erlebnis im Tropical H\u00f4tel in Durbuy.<\/p>\t\t\t\t\t\t\t\t<\/div>\n\t\t\t\t<\/div>\n\t\t\t\t\t<\/div>\n\t\t<\/div>\n\t\t\t\t\t<\/div>\n\t\t<\/section>\n\t\t\t\t<section class=\"elementor-section elementor-top-section elementor-element elementor-element-37c428f elementor-section-boxed elementor-section-height-default elementor-section-height-default\" data-id=\"37c428f\" data-element_type=\"section\">\n\t\t\t\t\t\t<div class=\"elementor-container elementor-column-gap-default\">\n\t\t\t\t\t<div class=\"elementor-column elementor-col-100 elementor-top-column elementor-element elementor-element-f2540af\" data-id=\"f2540af\" data-element_type=\"column\">\n\t\t\t<div class=\"elementor-widget-wrap elementor-element-populated\">\n\t\t\t\t\t\t<div class=\"elementor-element elementor-element-b5741ae elementor-widget elementor-widget-heading\" data-id=\"b5741ae\" data-element_type=\"widget\" data-widget_type=\"heading.default\">\n\t\t\t\t<div class=\"elementor-widget-container\">\n\t\t\t\t\t<h2 class=\"elementor-heading-title elementor-size-default\">Ostermen\u00fc f\u00fcr 72\u20ac pro Person<\/h2>\t\t\t\t<\/div>\n\t\t\t\t<\/div>\n\t\t\t\t<div class=\"elementor-element elementor-element-4834741 elementor-widget-divider--view-line elementor-widget elementor-widget-divider\" data-id=\"4834741\" data-element_type=\"widget\" data-widget_type=\"divider.default\">\n\t\t\t\t<div class=\"elementor-widget-container\">\n\t\t\t\t\t\t\t<div class=\"elementor-divider\">\n\t\t\t<span class=\"elementor-divider-separator\">\n\t\t\t\t\t\t<\/span>\n\t\t<\/div>\n\t\t\t\t\t\t<\/div>\n\t\t\t\t<\/div>\n\t\t\t\t<div class=\"elementor-element elementor-element-f471901 elementor-widget elementor-widget-heading\" data-id=\"f471901\" data-element_type=\"widget\" data-widget_type=\"heading.default\">\n\t\t\t\t<div class=\"elementor-widget-container\">\n\t\t\t\t\t<h4 class=\"elementor-heading-title elementor-size-default\">Schottischer Lachs mit rotem Etikett, extra mild, hausger\u00e4uchert Zitronencreme mit Kaviar\n<\/br><\/br>* * *<\/br><\/br>Hummerscheren, Emulsion von Koralle<\/br><\/br>* * *<\/br><\/br>Pascal Lammfilet mit B\u00e4rlauch \u00fcberbacken <\/br>Bratensaft mit Ingwer, Kartoffelgratin Fr\u00fchlingsgarten<\/br><\/br>* * *<\/br><\/br>Ananas Corazon<\/br>oder<\/br>Hausgemachte gereifte K\u00e4seplatte<\/br><\/br>* * *<\/h4>\t\t\t\t<\/div>\n\t\t\t\t<\/div>\n\t\t\t\t\t<\/div>\n\t\t<\/div>\n\t\t\t\t\t<\/div>\n\t\t<\/section>\n\t\t\t\t<section class=\"elementor-section elementor-top-section elementor-element elementor-element-e3a8804 elementor-section-full_width elementor-section-height-default elementor-section-height-default\" data-id=\"e3a8804\" data-element_type=\"section\">\n\t\t\t\t\t\t<div class=\"elementor-container elementor-column-gap-default\">\n\t\t\t\t\t<div class=\"elementor-column elementor-col-100 elementor-top-column elementor-element elementor-element-a38d52e\" data-id=\"a38d52e\" data-element_type=\"column\">\n\t\t\t<div class=\"elementor-widget-wrap elementor-element-populated\">\n\t\t\t\t\t\t<div class=\"elementor-element elementor-element-0db0f49 elementor-widget elementor-widget-image\" data-id=\"0db0f49\" data-element_type=\"widget\" data-widget_type=\"image.default\">\n\t\t\t\t<div class=\"elementor-widget-container\">\n\t\t\t\t\t\t\t\t\t\t\t\t\t\t\t<img fetchpriority=\"high\" decoding=\"async\" width=\"750\" height=\"330\" src=\"https:\/\/tropical-hotel.be\/wp-content\/uploads\/2023\/04\/menu_paques-750x330.jpg\" class=\"attachment-post-thumbnail-size size-post-thumbnail-size wp-image-10174\" alt=\"Booking\" title=\"\">\t\t\t\t\t\t\t\t\t\t\t\t\t\t\t<\/div>\n\t\t\t\t<\/div>\n\t\t\t\t\t<\/div>\n\t\t<\/div>\n\t\t\t\t\t<\/div>\n\t\t<\/section>\n\t\t\t\t<section class=\"elementor-section elementor-top-section elementor-element elementor-element-57e92bf elementor-section-boxed elementor-section-height-default elementor-section-height-default\" data-id=\"57e92bf\" data-element_type=\"section\">\n\t\t\t\t\t\t<div class=\"elementor-container elementor-column-gap-default\">\n\t\t\t\t\t<div class=\"elementor-column elementor-col-100 elementor-top-column elementor-element elementor-element-9f96d4d\" data-id=\"9f96d4d\" data-element_type=\"column\">\n\t\t\t<div class=\"elementor-widget-wrap elementor-element-populated\">\n\t\t\t\t\t\t<div class=\"elementor-element elementor-element-3a7683e elementor-widget-divider--view-line elementor-widget elementor-widget-divider\" data-id=\"3a7683e\" data-element_type=\"widget\" data-widget_type=\"divider.default\">\n\t\t\t\t<div class=\"elementor-widget-container\">\n\t\t\t\t\t\t\t<div class=\"elementor-divider\">\n\t\t\t<span class=\"elementor-divider-separator\">\n\t\t\t\t\t\t<\/span>\n\t\t<\/div>\n\t\t\t\t\t\t<\/div>\n\t\t\t\t<\/div>\n\t\t\t\t<div class=\"elementor-element elementor-element-305e7b2 elementor-widget elementor-widget-heading\" data-id=\"305e7b2\" data-element_type=\"widget\" data-widget_type=\"heading.default\">\n\t\t\t\t<div class=\"elementor-widget-container\">\n\t\t\t\t\t<h2 class=\"elementor-heading-title elementor-size-default\">Restaurant Kokejane in Durbuy<\/h2>\t\t\t\t<\/div>\n\t\t\t\t<\/div>\n\t\t\t\t\t<\/div>\n\t\t<\/div>\n\t\t\t\t\t<\/div>\n\t\t<\/section>\n\t\t\t\t<section class=\"elementor-section elementor-top-section elementor-element elementor-element-1bf2930 elementor-section-full_width elementor-section-stretched elementor-section-height-default elementor-section-height-default\" data-id=\"1bf2930\" data-element_type=\"section\" data-settings=\"{&quot;stretch_section&quot;:&quot;section-stretched&quot;}\">\n\t\t\t\t\t\t<div class=\"elementor-container elementor-column-gap-default\">\n\t\t\t\t\t<div class=\"elementor-column elementor-col-33 elementor-top-column elementor-element elementor-element-d6d6bec\" data-id=\"d6d6bec\" data-element_type=\"column\">\n\t\t\t<div class=\"elementor-widget-wrap elementor-element-populated\">\n\t\t\t\t\t\t<div class=\"elementor-element elementor-element-cea2160 elementor-widget elementor-widget-image\" data-id=\"cea2160\" data-element_type=\"widget\" data-widget_type=\"image.default\">\n\t\t\t\t<div class=\"elementor-widget-container\">\n\t\t\t\t\t\t\t\t\t\t\t\t\t\t\t<img decoding=\"async\" src=\"http:\/\/tropical-hotel.be\/wp-content\/uploads\/2019\/08\/1526762_737462103035067_1443971437944627204_n.jpg\" title=\"\" alt=\"Booking\" loading=\"lazy\">\t\t\t\t\t\t\t\t\t\t\t\t\t\t\t<\/div>\n\t\t\t\t<\/div>\n\t\t\t\t\t<\/div>\n\t\t<\/div>\n\t\t\t\t<div class=\"elementor-column elementor-col-66 elementor-top-column elementor-element elementor-element-80271f3\" data-id=\"80271f3\" data-element_type=\"column\">\n\t\t\t<div class=\"elementor-widget-wrap elementor-element-populated\">\n\t\t\t\t\t\t<div class=\"elementor-element elementor-element-7af5fe6 elementor-widget elementor-widget-text-editor\" data-id=\"7af5fe6\" data-element_type=\"widget\" data-widget_type=\"text-editor.default\">\n\t\t\t\t<div class=\"elementor-widget-container\">\n\t\t\t\t\t\t\t\t\t<p>Unser Restaurant Kokejane mit Blick auf den tropischen Garten pr\u00e4sentiert Ihnen im Rhythmus der Jahreszeiten und je nach Marktlage eine feine franz\u00f6sische K\u00fcche.<\/p><p>Hier k\u00f6nnen Sie eine Vielzahl von raffinierten Gerichten genie\u00dfen, von denen eines k\u00f6stlicher als das andere ist. Entdecken Sie unsere <a href=\"https:\/\/tropical-hotel.be\/restaurant-durbuy\/nos-menus-7.html\">Men\u00fcs<\/a>.<\/p><p>Fragen Sie uns nach einem ma\u00dfgeschneiderten Angebot f\u00fcr Ihre Bankette, Versammlungen, Taufen, Kommunionen, Geburtstage, &#8230;<\/p><p>Unser Restaurant bietet Platz f\u00fcr bis zu 120 Personen f\u00fcr Ihre Bankette, Feiern,&#8230;<\/p>\t\t\t\t\t\t\t\t<\/div>\n\t\t\t\t<\/div>\n\t\t\t\t\t<\/div>\n\t\t<\/div>\n\t\t\t\t\t<\/div>\n\t\t<\/section>\n\t\t\t\t<section class=\"elementor-section elementor-top-section elementor-element elementor-element-4963945 elementor-section-full_width elementor-section-stretched elementor-section-height-default elementor-section-height-default\" data-id=\"4963945\" data-element_type=\"section\" data-settings=\"{&quot;stretch_section&quot;:&quot;section-stretched&quot;}\">\n\t\t\t\t\t\t<div class=\"elementor-container elementor-column-gap-default\">\n\t\t\t\t\t<div class=\"elementor-column elementor-col-25 elementor-top-column elementor-element elementor-element-8f350db\" data-id=\"8f350db\" data-element_type=\"column\">\n\t\t\t<div class=\"elementor-widget-wrap elementor-element-populated\">\n\t\t\t\t\t\t<div class=\"elementor-element elementor-element-09f7899 elementor-widget elementor-widget-image\" data-id=\"09f7899\" data-element_type=\"widget\" data-widget_type=\"image.default\">\n\t\t\t\t<div class=\"elementor-widget-container\">\n\t\t\t\t\t\t\t\t\t\t\t\t\t\t\t<img decoding=\"async\" width=\"750\" height=\"330\" src=\"https:\/\/tropical-hotel.be\/wp-content\/uploads\/2022\/08\/\u00a9Anne-Ginetti-2357-750x330.jpg\" class=\"attachment-post-thumbnail-size size-post-thumbnail-size wp-image-8180\" alt=\"Booking\" title=\"\">\t\t\t\t\t\t\t\t\t\t\t\t\t\t\t<\/div>\n\t\t\t\t<\/div>\n\t\t\t\t\t<\/div>\n\t\t<\/div>\n\t\t\t\t<div class=\"elementor-column elementor-col-25 elementor-top-column elementor-element elementor-element-599ea7b\" data-id=\"599ea7b\" data-element_type=\"column\">\n\t\t\t<div class=\"elementor-widget-wrap elementor-element-populated\">\n\t\t\t\t\t\t<div class=\"elementor-element elementor-element-8e9841b elementor-widget elementor-widget-image\" data-id=\"8e9841b\" data-element_type=\"widget\" data-widget_type=\"image.default\">\n\t\t\t\t<div class=\"elementor-widget-container\">\n\t\t\t\t\t\t\t\t\t\t\t\t\t\t\t<img decoding=\"async\" width=\"750\" height=\"330\" src=\"https:\/\/tropical-hotel.be\/wp-content\/uploads\/2022\/08\/\u00a9Anne-Ginetti-2341-750x330.jpg\" class=\"attachment-post-thumbnail-size size-post-thumbnail-size wp-image-8015\" alt=\"Booking\" title=\"\">\t\t\t\t\t\t\t\t\t\t\t\t\t\t\t<\/div>\n\t\t\t\t<\/div>\n\t\t\t\t\t<\/div>\n\t\t<\/div>\n\t\t\t\t<div class=\"elementor-column elementor-col-25 elementor-top-column elementor-element elementor-element-cc57ca3\" data-id=\"cc57ca3\" data-element_type=\"column\">\n\t\t\t<div class=\"elementor-widget-wrap elementor-element-populated\">\n\t\t\t\t\t\t<div class=\"elementor-element elementor-element-6b84645 elementor-widget elementor-widget-image\" data-id=\"6b84645\" data-element_type=\"widget\" data-widget_type=\"image.default\">\n\t\t\t\t<div class=\"elementor-widget-container\">\n\t\t\t\t\t\t\t\t\t\t\t\t\t\t\t<img loading=\"lazy\" decoding=\"async\" width=\"750\" height=\"330\" src=\"https:\/\/tropical-hotel.be\/wp-content\/uploads\/2022\/08\/\u00a9Anne-Ginetti-2379-750x330.jpg\" class=\"attachment-post-thumbnail-size size-post-thumbnail-size wp-image-7960\" alt=\"Booking\" title=\"\">\t\t\t\t\t\t\t\t\t\t\t\t\t\t\t<\/div>\n\t\t\t\t<\/div>\n\t\t\t\t\t<\/div>\n\t\t<\/div>\n\t\t\t\t<div class=\"elementor-column elementor-col-25 elementor-top-column elementor-element elementor-element-40305dc\" data-id=\"40305dc\" data-element_type=\"column\">\n\t\t\t<div class=\"elementor-widget-wrap elementor-element-populated\">\n\t\t\t\t\t\t<div class=\"elementor-element elementor-element-5f4c5ce elementor-widget elementor-widget-image\" data-id=\"5f4c5ce\" data-element_type=\"widget\" data-widget_type=\"image.default\">\n\t\t\t\t<div class=\"elementor-widget-container\">\n\t\t\t\t\t\t\t\t\t\t\t\t\t\t\t<img loading=\"lazy\" decoding=\"async\" width=\"750\" height=\"330\" src=\"https:\/\/tropical-hotel.be\/wp-content\/uploads\/2019\/08\/\u00a9Anne-Ginetti-2458-1-750x330.jpg\" class=\"attachment-post-thumbnail-size size-post-thumbnail-size wp-image-8380\" alt=\"Familienzimmer - Tropical Hotel\" title=\"\">\t\t\t\t\t\t\t\t\t\t\t\t\t\t\t<\/div>\n\t\t\t\t<\/div>\n\t\t\t\t\t<\/div>\n\t\t<\/div>\n\t\t\t\t\t<\/div>\n\t\t<\/section>\n\t\t\t\t<\/div>\n\t\t","protected":false},"excerpt":{"rendered":"<p>Entdecken Sie das Ostermen\u00fc des Restaurants Kokejane im Herzen des Tropical H\u00f4tel in Durbuy. F\u00fcr dieses besondere Fest hat unser Chefkoch ein au\u00dfergew\u00f6hnliches Men\u00fc zusammengestellt, das den Gaumen des Feinschmeckers verw\u00f6hnen wird. Genie\u00dfen Sie k\u00f6stliche Vorspeisen, raffinierte Hauptgerichte und k\u00f6stliche Desserts, die alle mit frischen und saisonalen Zutaten zubereitet werden. Unser Ostermen\u00fc bietet eine Auswahl&#8230; <\/p>\n<div class=\"clear\"><\/div>\n<p><a href=\"https:\/\/tropical-hotel.be\/de\/ostermenue\/\" class=\"excerpt-read-more\">Continue Reading<i class=\"fa fa-long-arrow-right icon-long-arrow-right\"><\/i><\/a><\/p>\n","protected":false},"author":1,"featured_media":10170,"parent":0,"menu_order":0,"comment_status":"closed","ping_status":"closed","template":"","meta":{"footnotes":""},"class_list":["post-13323","page","type-page","status-publish","has-post-thumbnail","hentry"],"_links":{"self":[{"href":"https:\/\/tropical-hotel.be\/de\/wp-json\/wp\/v2\/pages\/13323","targetHints":{"allow":["GET"]}}],"collection":[{"href":"https:\/\/tropical-hotel.be\/de\/wp-json\/wp\/v2\/pages"}],"about":[{"href":"https:\/\/tropical-hotel.be\/de\/wp-json\/wp\/v2\/types\/page"}],"author":[{"embeddable":true,"href":"https:\/\/tropical-hotel.be\/de\/wp-json\/wp\/v2\/users\/1"}],"replies":[{"embeddable":true,"href":"https:\/\/tropical-hotel.be\/de\/wp-json\/wp\/v2\/comments?post=13323"}],"version-history":[{"count":5,"href":"https:\/\/tropical-hotel.be\/de\/wp-json\/wp\/v2\/pages\/13323\/revisions"}],"predecessor-version":[{"id":18224,"href":"https:\/\/tropical-hotel.be\/de\/wp-json\/wp\/v2\/pages\/13323\/revisions\/18224"}],"wp:featuredmedia":[{"embeddable":true,"href":"https:\/\/tropical-hotel.be\/de\/wp-json\/wp\/v2\/media\/10170"}],"wp:attachment":[{"href":"https:\/\/tropical-hotel.be\/de\/wp-json\/wp\/v2\/media?parent=13323"}],"curies":[{"name":"wp","href":"https:\/\/api.w.org\/{rel}","templated":true}]}}